{"id":624,"date":"2024-10-18T16:05:45","date_gmt":"2024-10-18T16:05:45","guid":{"rendered":"https:\/\/www.alocambi.com\/fruechte-der-erde\/"},"modified":"2025-10-15T11:54:03","modified_gmt":"2025-10-15T11:54:03","slug":"fruechte-der-erde","status":"publish","type":"page","link":"https:\/\/www.alocambi.com\/de\/fruechte-der-erde\/","title":{"rendered":"Fruit of the Earth"},"content":{"rendered":"<p>[et_pb_section fb_built=&#8220;1&#8243; fullwidth=&#8220;on&#8220; _builder_version=&#8220;4.27.2&#8243; _module_preset=&#8220;default&#8220; global_colors_info=&#8220;{}&#8220;][et_pb_fullwidth_slider use_bg_overlay=&#8220;on&#8220; bg_overlay_color=&#8220;rgba(0,0,0,0.35)&#8220; use_text_overlay=&#8220;off&#8220; disabled_on=&#8220;off|off|off&#8220; _builder_version=&#8220;4.27.4&#8243; _module_preset=&#8220;default&#8220; background_enable_color=&#8220;off&#8220; height=&#8220;200px&#8220; height_tablet=&#8220;200px&#8220; height_phone=&#8220;100px&#8220; height_last_edited=&#8220;on|phone&#8220; auto=&#8220;on&#8220; global_colors_info=&#8220;{}&#8220;][et_pb_slide heading=&#8220;Qualit\u00e4t, Professionalit\u00e4t und Nachhaltigkeit&#8220; _builder_version=&#8220;4.27.2&#8243; _dynamic_attributes=&#8220;link_option_url&#8220; _module_preset=&#8220;default&#8220; background_color=&#8220;RGBA(255,255,255,0)&#8220; background_enable_color=&#8220;on&#8220; background_video_mp4=&#8220;https:\/\/www.alocambi.com\/wp-content\/uploads\/2024\/10\/10040057-hd_1920_1080_24fps.mp4&#8243; background_enable_video_mp4=&#8220;on&#8220; background_video_width=&#8220;100%&#8220; background_video_height=&#8220;100%&#8220; background_video_pause_outside_viewport=&#8220;off&#8220; link_option_url=&#8220;@ET-DC@eyJkeW5hbWljIjp0cnVlLCJjb250ZW50IjoicG9zdF9saW5rX3VybF9wYWdlIiwic2V0dGluZ3MiOnsicG9zdF9pZCI6IjEzMCJ9fQ==@&#8220; global_colors_info=&#8220;{}&#8220; sticky_transition=&#8220;on&#8220;][\/et_pb_slide][\/et_pb_fullwidth_slider][\/et_pb_section][et_pb_section fb_built=&#8220;1&#8243; admin_label=&#8220;About&#8220; _builder_version=&#8220;4.25.1&#8243; _module_preset=&#8220;default&#8220; collapsed=&#8220;on&#8220; global_colors_info=&#8220;{}&#8220;][et_pb_row custom_padding_last_edited=&#8220;on|desktop&#8220; _builder_version=&#8220;4.27.2&#8243; _module_preset=&#8220;048d8e79-b07f-439b-bd57-f41c14f0a56b&#8220; background_enable_color=&#8220;off&#8220; custom_padding=&#8220;|30px||30px|false|true&#8220; custom_padding_tablet=&#8220;|30px||30px|false|true&#8220; custom_padding_phone=&#8220;|20px||20px|false|true&#8220; border_radii=&#8220;on|6px|6px|6px|6px&#8220; global_colors_info=&#8220;{}&#8220;][et_pb_column type=&#8220;4_4&#8243; _builder_version=&#8220;4.25.1&#8243; _module_preset=&#8220;default&#8220; global_colors_info=&#8220;{}&#8220;][et_pb_heading title=&#8220;FRUIT OF THE EARTH&#8220; _builder_version=&#8220;4.27.4&#8243; _module_preset=&#8220;ddeb8c09-9078-4424-bc15-2efb6572e28e&#8220; title_font=&#8220;-et_global_heading_font|Playfair Display_weight||on|||||&#8220; title_text_align=&#8220;center&#8220; title_text_color=&#8220;#111111&#8243; title_font_size=&#8220;40px&#8220; title_line_height=&#8220;1.15em&#8220; custom_margin=&#8220;-13px||-3px|||&#8220; custom_padding=&#8220;||34px|||&#8220; title_font_size_tablet=&#8220;40px&#8220; title_font_size_phone=&#8220;24px&#8220; title_font_size_last_edited=&#8220;on|phone&#8220; locked=&#8220;off&#8220; global_colors_info=&#8220;{}&#8220;][\/et_pb_heading][et_pb_text _builder_version=&#8220;4.27.4&#8243; _module_preset=&#8220;default&#8220; global_colors_info=&#8220;{}&#8220;]<\/p>\n<p style=\"text-align: center;\"><strong data-start=\"307\" data-end=\"395\">Fruit of the Earth, das reine und nat\u00fcrliche Aloe Vera Gel mit \u00fcber 40 Jahren Erfahrung <\/strong><strong data-start=\"398\" data-end=\"484\">weltweit f\u00fchrend und in mehr als 60 L\u00e4ndern vertrieben. <\/strong><strong data-start=\"487\" data-end=\"580\">Fruit of the Earth, Aloe Vera-Gel von h\u00f6chster Qualit\u00e4t f\u00fcr die t\u00e4gliche Hautpflege<\/strong><\/p>\n<p>[\/et_pb_text][et_pb_image src=&#8220;https:\/\/www.alocambi.com\/wp-content\/uploads\/2024\/11\/Screenshot-2024-11-05-at-1.57.13\u202fp.m.png&#8220; title_text=&#8220;Company&#8220; _builder_version=&#8220;4.27.4&#8243; _module_preset=&#8220;8249bb47-7bda-4c77-8a37-2a958f7a9826&#8243; global_colors_info=&#8220;{}&#8220;][\/et_pb_image][et_pb_text quote_border_color=&#8220;#57cc99&#8243; _builder_version=&#8220;4.27.4&#8243; _module_preset=&#8220;2c55a9c4-feed-423b-9edb-ae0b5b365cac&#8220; text_font=&#8220;-et_global_body_font|Source Sans Pro_weight|||||||&#8220; text_text_color=&#8220;rgba(0,0,0,0.64)&#8220; text_font_size=&#8220;16px&#8220; text_line_height=&#8220;1.75em&#8220; link_font=&#8220;|Source Sans Pro_weight|||||||&#8220; link_text_color=&#8220;#22577a&#8220; quote_font=&#8220;Playfair Display|Playfair Display_weight|||||||&#8220; quote_text_color=&#8220;#111111&#8243; header_font=&#8220;Playfair Display|Playfair Display_weight|||||||&#8220; header_text_color=&#8220;#111111&#8243; header_font_size=&#8220;72px&#8220; header_line_height=&#8220;1.15em&#8220; header_2_font=&#8220;Playfair Display|Playfair Display_weight|||||||&#8220; header_2_text_color=&#8220;#111111&#8243; header_2_font_size=&#8220;50px&#8220; header_2_line_height=&#8220;1.2em&#8220; header_3_font=&#8220;Playfair Display|Playfair Display_weight|||||||&#8220; header_3_text_color=&#8220;#111111&#8243; header_3_font_size=&#8220;32px&#8220; header_3_line_height=&#8220;1.3em&#8220; header_4_font=&#8220;Playfair Display|Playfair Display_weight|||||||&#8220; header_4_text_color=&#8220;#111111&#8243; header_4_font_size=&#8220;24px&#8220; header_4_line_height=&#8220;1.4em&#8220; header_5_font=&#8220;Playfair Display|Playfair Display_weight|||||||&#8220; header_5_text_color=&#8220;#111111&#8243; header_5_font_size=&#8220;18px&#8220; header_5_line_height=&#8220;1.4em&#8220; header_6_font=&#8220;Playfair Display|Playfair Display_weight|||||||&#8220; header_6_text_color=&#8220;#111111&#8243; header_6_line_height=&#8220;1.5em&#8220; text_orientation=&#8220;justified&#8220; custom_margin=&#8220;||||false|false&#8220; text_font_size_tablet=&#8220;15px&#8220; text_font_size_phone=&#8220;14px&#8220; text_font_size_last_edited=&#8220;on|phone&#8220; header_font_size_tablet=&#8220;40px&#8220; header_font_size_phone=&#8220;24px&#8220; header_font_size_last_edited=&#8220;on|desktop&#8220; header_2_font_size_tablet=&#8220;28px&#8220; header_2_font_size_phone=&#8220;20px&#8220; header_2_font_size_last_edited=&#8220;on|phone&#8220; header_3_font_size_tablet=&#8220;22px&#8220; header_3_font_size_phone=&#8220;17px&#8220; header_3_font_size_last_edited=&#8220;on|phone&#8220; header_4_font_size_tablet=&#8220;18px&#8220; header_4_font_size_phone=&#8220;15px&#8220; header_4_font_size_last_edited=&#8220;on|tablet&#8220; header_5_font_size_tablet=&#8220;15px&#8220; header_5_font_size_phone=&#8220;14px&#8220; header_5_font_size_last_edited=&#8220;on|desktop&#8220; header_6_font_size_tablet=&#8220;13px&#8220; header_6_font_size_phone=&#8220;13px&#8220; header_6_font_size_last_edited=&#8220;on|desktop&#8220; inline_fonts=&#8220;Aboreto&#8220; global_colors_info=&#8220;{}&#8220;]<\/p>\n<p data-start=\"251\" data-end=\"341\" style=\"text-align: justify;\"><strong data-start=\"251\" data-end=\"341\">Fruit of the Earth\u00ae - Seit \u00fcber 40 Jahren Aloe Vera im Zentrum des t\u00e4glichen Wohlbefindens<\/strong><\/p>\n<p data-start=\"343\" data-end=\"763\" style=\"text-align: justify;\">Fruit of the Earth\u00ae ist ein amerikanisches Unternehmen, das 1980 in Fort Worth, Texas, gegr\u00fcndet wurde. Es befindet sich auch heute noch in Familienbesitz und ist ein gutes Beispiel f\u00fcr ein Unternehmen, dem es gelungen ist, Tradition und Innovation im Bereich der Hautpflege zu verbinden. Gegr\u00fcndet mit dem Ziel, wirksame, nat\u00fcrliche und erschwingliche Produkte anzubieten, hat es von Anfang an einen au\u00dfergew\u00f6hnlichen Inhaltsstoff in den Mittelpunkt seiner Philosophie gestellt: Aloe Vera.  <\/p>\n<p data-start=\"765\" data-end=\"1259\" style=\"text-align: justify;\">Das Unternehmen ist im Laufe der Jahre gewachsen, hat sein Sortiment erweitert und sich als internationale Referenz in der Welt der Naturkosmetik, der Sonnenpflege und der t\u00e4glichen Hygieneprodukte etabliert. Jedes Produkt wird im Haus entwickelt, von der Formulierung \u00fcber die Produktion bis hin zum Vertrieb. Dieser integrierte Ansatz garantiert eine umfassende Qualit\u00e4tskontrolle, ein hohes Ma\u00df an Sicherheit und eine bemerkenswerte F\u00e4higkeit, auf die Bed\u00fcrfnisse des Marktes und der Verbraucher zu reagieren.  <\/p>\n<p data-start=\"1261\" data-end=\"1754\" style=\"text-align: justify;\">Die Formeln von Fruit of the Earth\u00ae sind so konzipiert, dass sie einfach, rein und hochwirksam sind. Ohne \u00fcberfl\u00fcssige oder potenziell aggressive Inhaltsstoffe sind sie f\u00fcr den t\u00e4glichen Gebrauch und f\u00fcr die ganze Familie konzipiert und erf\u00fcllen die Bed\u00fcrfnisse derjenigen, die nat\u00fcrliches, lang anhaltendes Wohlbefinden suchen. Insbesondere das Aloe Vera-Gel - in verschiedenen Formaten erh\u00e4ltlich - hat sich im Laufe der Jahre zum Markenzeichen der Marke entwickelt und wird weltweit f\u00fcr seine beruhigenden, feuchtigkeitsspendenden und regenerierenden Eigenschaften gesch\u00e4tzt.  <\/p>\n<p data-start=\"1756\" data-end=\"2265\" style=\"text-align: justify;\">Die von Fruit of the Earth\u00ae verwendete Aloe Vera stammt ausschlie\u00dflich aus ethischem und nachhaltigem Anbau. Das Unternehmen w\u00e4hlt Erzeuger aus, die nach den Grunds\u00e4tzen des fairen Handels arbeiten und so nicht nur die Qualit\u00e4t des Rohstoffs, sondern auch den Respekt f\u00fcr die lokalen Gemeinschaften und die Umwelt garantieren. Die manuelle Ernte der Bl\u00e4tter, die strenge Kontrolle der Lieferkette und das Engagement f\u00fcr \u00f6kologische Praktiken sind Teil eines Weges zu \u00f6kologischer Verantwortung und Transparenz.  <\/p>\n<p data-start=\"2267\" data-end=\"2719\" style=\"text-align: justify;\">Das Angebot von Fruit of the Earth\u00ae umfasst eine breite Palette von L\u00f6sungen: beruhigende Gele, feuchtigkeitsspendende Lotionen, After-Sun-Produkte, Sonnenschutzmittel, Behandlungen f\u00fcr empfindliche Haut, sanfte Reinigungsmittel und Produkte f\u00fcr die t\u00e4gliche Hygiene. Alle Produkte sind mit Inhaltsstoffen nat\u00fcrlichen Ursprungs formuliert und dermatologisch getestet, um maximale Wirksamkeit bei minimaler Aggressivit\u00e4t zu bieten. Dies sind nicht nur Kosmetika, sondern echte Verb\u00fcndete f\u00fcr das t\u00e4gliche Wohlbefinden.  <\/p>\n<p data-start=\"2721\" data-end=\"3063\" style=\"text-align: justify;\">Heute ist die Marke in mehr als 60 L\u00e4ndern auf f\u00fcnf Kontinenten vertreten, mit einem kapillaren Vertriebsnetz, das Apotheken, Parapharmazien, Superm\u00e4rkte, gro\u00dfe Einzelhandelskan\u00e4le, Fachgesch\u00e4fte und die wichtigsten E-Commerce-Plattformen umfasst. In Europa, Asien, Nord- und S\u00fcdamerika und Afrika ist Fruit of the Earth\u00ae ein Synonym f\u00fcr Qualit\u00e4t, Einfachheit und Zuverl\u00e4ssigkeit. <\/p>\n<p data-start=\"3065\" data-end=\"3391\" style=\"text-align: justify;\">Die Marke konnte ihre Vision auch durch Initiativen und offizielles Sponsoring, unter anderem in der Welt der NASCAR, vermitteln und so eine Identit\u00e4t st\u00e4rken, die Energie, Authentizit\u00e4t und amerikanischen Geist vereint. Eine Kommunikation, die mit den Grundwerten der Marke \u00fcbereinstimmt: Leidenschaft, Engagement und Aufmerksamkeit f\u00fcr die Menschen. <\/p>\n<p data-start=\"3393\" data-end=\"3748\" style=\"text-align: justify;\">Trotz seines weltweiten Erfolges und seiner gro\u00dfen Beliebtheit hat Fruit of the Earth\u00ae beschlossen, den Grunds\u00e4tzen treu zu bleiben, die die Grundlage f\u00fcr seine Entstehung bildeten. Jedes Produkt wird auch heute noch mit dem gleichen Geist wie damals entwickelt: einfache, wirksame, nat\u00fcrliche und zug\u00e4ngliche L\u00f6sungen f\u00fcr ein lang anhaltendes Wohlbefinden, das wirklich f\u00fcr jeden erreichbar ist. <\/p>\n<p data-start=\"3750\" data-end=\"4024\" style=\"text-align: justify;\">In einer sich st\u00e4ndig ver\u00e4ndernden Welt setzt Fruit of the Earth\u00ae seine Innovationen fort, ohne jemals seine Identit\u00e4t aus den Augen zu verlieren. Eine mehr als vierzigj\u00e4hrige Geschichte, geschrieben mit Integrit\u00e4t, Qualit\u00e4t und einer tiefen Hingabe an Aloe Vera - die Pflanze des Wohlbefindens schlechthin. <\/p>\n<p>[\/et_pb_text][\/et_pb_column][\/et_pb_row][et_pb_row column_structure=&#8220;1_4,1_4,1_4,1_4&#8243; _builder_version=&#8220;4.27.4&#8243; _module_preset=&#8220;default&#8220; locked=&#8220;off&#8220; global_colors_info=&#8220;{}&#8220;][et_pb_column type=&#8220;1_4&#8243; _builder_version=&#8220;4.27.4&#8243; _module_preset=&#8220;default&#8220; global_colors_info=&#8220;{}&#8220;][et_pb_cta title=&#8220;Fruit of the Earth USA&#8220; button_url=&#8220;http:\/\/www.fote.com&#8220; button_text=&#8220;Hier&#8220; module_id=&#8220;cta-hover&#8220; _builder_version=&#8220;4.27.4&#8243; _module_preset=&#8220;default&#8220; header_text_color=&#8220;#2f2f2f&#8220; body_text_color=&#8220;#2f2f2f&#8220; background_color=&#8220;#cdecc9&#8243; custom_button=&#8220;on&#8220; button_text_color=&#8220;#2f2f2f&#8220; button_border_color=&#8220;#FFFFFF&#8220; custom_css_free_form=&#8220;selector {||  transition: box-shadow 0.3s ease;||}||&#8220; border_radii=&#8220;on|12px|12px|12px|12px&#8220; box_shadow_style=&#8220;preset3&#8243; global_colors_info=&#8220;{}&#8220;][\/et_pb_cta][\/et_pb_column][et_pb_column type=&#8220;1_4&#8243; _builder_version=&#8220;4.27.4&#8243; _module_preset=&#8220;default&#8220; global_colors_info=&#8220;{}&#8220;][et_pb_cta title=&#8220;Gehen Sie zu unserem Blog&#8220; button_url=&#8220;https:\/\/www.alocambi.com\/de\/blog\/&#8220; button_text=&#8220;Lesen Sie&#8220; module_id=&#8220;cta-blog&#8220; _builder_version=&#8220;4.27.4&#8243; _module_preset=&#8220;default&#8220; header_text_color=&#8220;#2f2f2f&#8220; body_text_color=&#8220;#2f2f2f&#8220; background_color=&#8220;#cdecc9&#8243; custom_button=&#8220;on&#8220; button_text_color=&#8220;#2f2f2f&#8220; button_border_color=&#8220;#FFFFFF&#8220; custom_css_free_form=&#8220;selector {||  transition: box-shadow 0.3s ease;||}||&#8220; border_radii=&#8220;on|12px|12px|12px|12px&#8220; box_shadow_style=&#8220;preset3&#8243; global_colors_info=&#8220;{}&#8220;][\/et_pb_cta][\/et_pb_column][et_pb_column type=&#8220;1_4&#8243; _builder_version=&#8220;4.27.4&#8243; _module_preset=&#8220;default&#8220; global_colors_info=&#8220;{}&#8220;][et_pb_cta title=&#8220;Jetzt direkt kaufen&#8220; button_url=&#8220;https:\/\/www.amazon.it\/dp\/B0DXCY4JKP&#8220; button_text=&#8220;Kaufen&#8220; module_id=&#8220;cta-acquista&#8220; _builder_version=&#8220;4.27.4&#8243; _module_preset=&#8220;default&#8220; header_text_color=&#8220;#2f2f2f&#8220; body_text_color=&#8220;#2f2f2f&#8220; background_color=&#8220;#cdecc9&#8243; custom_button=&#8220;on&#8220; button_text_color=&#8220;#2f2f2f&#8220; button_border_color=&#8220;#FFFFFF&#8220; custom_css_free_form=&#8220;selector {||  transition: box-shadow 0.3s ease;||}||&#8220; border_radii=&#8220;on|12px|12px|12px|12px&#8220; box_shadow_style=&#8220;preset3&#8243; global_colors_info=&#8220;{}&#8220;][\/et_pb_cta][\/et_pb_column][et_pb_column type=&#8220;1_4&#8243; _builder_version=&#8220;4.27.4&#8243; _module_preset=&#8220;default&#8220; global_colors_info=&#8220;{}&#8220;][et_pb_cta title=&#8220;Wie Sie unsere Aloe verwenden&#8220; button_url=&#8220;http:\/\/aloe-vera\/come-usare-laloe-vera\/&#8220; button_text=&#8220;Klicken Sie auf&#8220; module_id=&#8220;cta-acquista&#8220; _builder_version=&#8220;4.27.4&#8243; _module_preset=&#8220;default&#8220; header_text_color=&#8220;#2f2f2f&#8220; body_text_color=&#8220;#2f2f2f&#8220; background_color=&#8220;#cdecc9&#8243; custom_button=&#8220;on&#8220; button_text_color=&#8220;#2f2f2f&#8220; button_border_color=&#8220;#FFFFFF&#8220; custom_css_free_form=&#8220;selector {||  transition: box-shadow 0.3s ease;||}||&#8220; border_radii=&#8220;on|12px|12px|12px|12px&#8220; box_shadow_style=&#8220;preset3&#8243; global_colors_info=&#8220;{}&#8220;][\/et_pb_cta][\/et_pb_column][\/et_pb_row][\/et_pb_section]<\/p>\n","protected":false},"excerpt":{"rendered":"<p>Fruit of the Earth, das reine und nat\u00fcrliche Aloe Vera Gel mit \u00fcber 40 Jahren Erfahrung weltweit f\u00fchrend und in mehr als 60 L\u00e4ndern vertrieben. Fruit of the Earth, Aloe Vera-Gel von h\u00f6chster Qualit\u00e4t f\u00fcr die t\u00e4gliche HautpflegeFruit of the Earth\u00ae - Seit \u00fcber 40 Jahren Aloe Vera im Zentrum des t\u00e4glichen Wohlbefindens Fruit of [&hellip;]<\/p>\n","protected":false},"author":1,"featured_media":0,"parent":0,"menu_order":0,"comment_status":"closed","ping_status":"closed","template":"","meta":{"_et_pb_use_builder":"on","_et_pb_old_content":"","_et_gb_content_width":"","footnotes":""},"class_list":["post-624","page","type-page","status-publish","hentry"],"_links":{"self":[{"href":"https:\/\/www.alocambi.com\/de\/wp-json\/wp\/v2\/pages\/624","targetHints":{"allow":["GET"]}}],"collection":[{"href":"https:\/\/www.alocambi.com\/de\/wp-json\/wp\/v2\/pages"}],"about":[{"href":"https:\/\/www.alocambi.com\/de\/wp-json\/wp\/v2\/types\/page"}],"author":[{"embeddable":true,"href":"https:\/\/www.alocambi.com\/de\/wp-json\/wp\/v2\/users\/1"}],"replies":[{"embeddable":true,"href":"https:\/\/www.alocambi.com\/de\/wp-json\/wp\/v2\/comments?post=624"}],"version-history":[{"count":20,"href":"https:\/\/www.alocambi.com\/de\/wp-json\/wp\/v2\/pages\/624\/revisions"}],"predecessor-version":[{"id":4013,"href":"https:\/\/www.alocambi.com\/de\/wp-json\/wp\/v2\/pages\/624\/revisions\/4013"}],"wp:attachment":[{"href":"https:\/\/www.alocambi.com\/de\/wp-json\/wp\/v2\/media?parent=624"}],"curies":[{"name":"wp","href":"https:\/\/api.w.org\/{rel}","templated":true}]}}