{"id":617,"date":"2024-10-18T16:01:22","date_gmt":"2024-10-18T16:01:22","guid":{"rendered":"https:\/\/www.alocambi.com\/aloe-vera\/"},"modified":"2026-04-01T16:22:31","modified_gmt":"2026-04-01T16:22:31","slug":"aloe-vera","status":"publish","type":"page","link":"https:\/\/www.alocambi.com\/de\/aloe-vera\/","title":{"rendered":"Aloe Vera"},"content":{"rendered":"<p>[et_pb_section fb_built=&#8220;1&#8243; fullwidth=&#8220;on&#8220; _builder_version=&#8220;4.27.2&#8243; _module_preset=&#8220;default&#8220; global_colors_info=&#8220;{}&#8220;][et_pb_fullwidth_slider use_bg_overlay=&#8220;on&#8220; bg_overlay_color=&#8220;rgba(0,0,0,0.35)&#8220; use_text_overlay=&#8220;off&#8220; _builder_version=&#8220;4.27.2&#8243; _module_preset=&#8220;default&#8220; background_enable_color=&#8220;off&#8220; height=&#8220;200px&#8220; height_tablet=&#8220;200px&#8220; height_phone=&#8220;100px&#8220; height_last_edited=&#8220;on|phone&#8220; auto=&#8220;on&#8220; global_colors_info=&#8220;{}&#8220;][et_pb_slide heading=&#8220;Aloe, ein Wunder der Natur&#8220; _builder_version=&#8220;4.27.2&#8243; _dynamic_attributes=&#8220;link_option_url&#8220; _module_preset=&#8220;default&#8220; background_color=&#8220;RGBA(255,255,255,0)&#8220; background_enable_color=&#8220;on&#8220; background_video_mp4=&#8220;https:\/\/www.alocambi.com\/wp-content\/uploads\/2024\/10\/6953532-hd_1920_1080_25fps.mp4&#8243; background_enable_video_mp4=&#8220;on&#8220; background_video_width=&#8220;100%&#8220; background_video_height=&#8220;100%&#8220; background_video_pause_outside_viewport=&#8220;off&#8220; link_option_url=&#8220;@ET-DC@eyJkeW5hbWljIjp0cnVlLCJjb250ZW50IjoicG9zdF9saW5rX3VybF9wYWdlIiwic2V0dGluZ3MiOnsicG9zdF9pZCI6IjEzMCIsImVuYWJsZV9odG1sIjoib2ZmIn19@&#8220; global_colors_info=&#8220;{}&#8220; sticky_transition=&#8220;on&#8220;][\/et_pb_slide][\/et_pb_fullwidth_slider][\/et_pb_section][et_pb_section fb_built=&#8220;1&#8243; admin_label=&#8220;About&#8220; _builder_version=&#8220;4.25.1&#8243; _module_preset=&#8220;default&#8220; collapsed=&#8220;on&#8220; global_colors_info=&#8220;{}&#8220;][et_pb_row _builder_version=&#8220;4.27.4&#8243; _module_preset=&#8220;default&#8220; global_colors_info=&#8220;{}&#8220;][et_pb_column type=&#8220;4_4&#8243; _builder_version=&#8220;4.27.4&#8243; _module_preset=&#8220;default&#8220; global_colors_info=&#8220;{}&#8220;][et_pb_text _builder_version=&#8220;4.27.4&#8243; _module_preset=&#8220;default&#8220; header_font_size=&#8220;45px&#8220; global_colors_info=&#8220;{}&#8220;]<\/p>\n<h1 style=\"text-align: center;\">ALOE VERA BARBADENSIS<\/h1>\n<h1 style=\"text-align: center;\">DIE WUNDERPFLANZE, DIE DIE HAUT REVOLUTIONIERT<\/h1>\n<p>[\/et_pb_text][\/et_pb_column][\/et_pb_row][et_pb_row column_structure=&#8220;1_2,1_2&#8243; custom_padding_last_edited=&#8220;on|desktop&#8220; _builder_version=&#8220;4.27.2&#8243; _module_preset=&#8220;048d8e79-b07f-439b-bd57-f41c14f0a56b&#8220; background_enable_color=&#8220;off&#8220; custom_padding=&#8220;|30px|55px|30px|false|true&#8220; custom_padding_tablet=&#8220;|30px||30px|false|true&#8220; custom_padding_phone=&#8220;|20px||20px|false|true&#8220; border_radii=&#8220;on|6px|6px|6px|6px&#8220; global_colors_info=&#8220;{}&#8220;][et_pb_column type=&#8220;1_2&#8243; _builder_version=&#8220;4.25.1&#8243; _module_preset=&#8220;default&#8220; global_colors_info=&#8220;{}&#8220;][et_pb_text _builder_version=&#8220;4.27.4&#8243; _module_preset=&#8220;default&#8220; global_colors_info=&#8220;{}&#8220;]<\/p>\n<h2 style=\"text-align: center;\">Die Entdeckung der Aloe Vera<\/h2>\n<p>[\/et_pb_text][et_pb_image src=&#8220;https:\/\/www.alocambi.com\/wp-content\/uploads\/2024\/10\/Close-up-of-Succulent-with-Water-Droplets.jpeg&#8220; title_text=&#8220;Close-up of Succulent with Water Droplets&#8220; _builder_version=&#8220;4.27.2&#8243; _module_preset=&#8220;8249bb47-7bda-4c77-8a37-2a958f7a9826&#8243; global_colors_info=&#8220;{}&#8220;][\/et_pb_image][\/et_pb_column][et_pb_column type=&#8220;1_2&#8243; _builder_version=&#8220;4.27.2&#8243; _module_preset=&#8220;default&#8220; global_colors_info=&#8220;{}&#8220;][et_pb_text _builder_version=&#8220;4.27.2&#8243; _module_preset=&#8220;default&#8220; global_colors_info=&#8220;{}&#8220;]<\/p>\n<p class=\"sqsrte-large preFade fadeIn\" style=\"text-align: justify;\">Aloe Vera ist der wissenschaftliche Name einer Pflanze aus der Familie der Aloeaceae. Es wird angenommen, dass Aloe Vera urspr\u00fcnglich aus dem Sudan und von der Arabischen Halbinsel stammt. Heutzutage findet man sie \u2013 sowohl kultiviert als auch wildwachsend \u2013 in Nordafrika, Asien und den s\u00fcdlichen Mittelmeerregionen. Gleichzeitig wird die Pflanze in den subtropischen Gebieten der Vereinigten Staaten und Mexikos, auf den Niederl\u00e4ndischen Antillen sowie an den K\u00fcsten Venezuelas angebaut.  <\/p>\n<p class=\"sqsrte-large preFade fadeIn\" style=\"text-align: justify;\">  Tats\u00e4chlich gibt es mehrere Pflanzen der Gattung Aloe, die in der Kr\u00e4utermedizin oder zu Gesundheitszwecken verwendet werden k\u00f6nnen. Die am h\u00e4ufigsten verwendete Pflanze scheint jedoch Aloe vera zu sein, auch bekannt als Aloe barbadensis. Der Einfachheit halber wird diese Pflanze im Folgenden einfach als &#8218;Aloe&#8216; bezeichnet.<\/p>\n<p>[\/et_pb_text][\/et_pb_column][\/et_pb_row][et_pb_row column_structure=&#8220;1_2,1_2&#8243; custom_padding_last_edited=&#8220;on|desktop&#8220; _builder_version=&#8220;4.27.2&#8243; _module_preset=&#8220;048d8e79-b07f-439b-bd57-f41c14f0a56b&#8220; background_enable_color=&#8220;off&#8220; custom_padding=&#8220;|30px|55px|30px|false|true&#8220; custom_padding_tablet=&#8220;|30px||30px|false|true&#8220; custom_padding_phone=&#8220;|20px||20px|false|true&#8220; border_radii=&#8220;on|6px|6px|6px|6px&#8220; global_colors_info=&#8220;{}&#8220;][et_pb_column type=&#8220;1_2&#8243; _builder_version=&#8220;4.25.1&#8243; _module_preset=&#8220;default&#8220; global_colors_info=&#8220;{}&#8220;][et_pb_text _builder_version=&#8220;4.27.4&#8243; _module_preset=&#8220;default&#8220; global_colors_info=&#8220;{}&#8220;]<\/p>\n<h2 style=\"text-align: center;\">Aloe Vera: eine tausendj\u00e4hrige Geschichte des Wohlbefindens<\/h2>\n<p>[\/et_pb_text][et_pb_image src=&#8220;https:\/\/www.alocambi.com\/wp-content\/uploads\/2024\/11\/aloe_egitto.jpg&#8220; title_text=&#8220;aloe_egitto&#8220; _builder_version=&#8220;4.27.2&#8243; _module_preset=&#8220;8249bb47-7bda-4c77-8a37-2a958f7a9826&#8243; global_colors_info=&#8220;{}&#8220;][\/et_pb_image][\/et_pb_column][et_pb_column type=&#8220;1_2&#8243; _builder_version=&#8220;4.27.2&#8243; _module_preset=&#8220;default&#8220; global_colors_info=&#8220;{}&#8220;][et_pb_text _builder_version=&#8220;4.27.4&#8243; _module_preset=&#8220;default&#8220; text_orientation=&#8220;justified&#8220; global_colors_info=&#8220;{}&#8220;]<\/p>\n<p data-start=\"305\" data-end=\"659\" class=\"\">Aloe Vera begleitet die Menschheit seit \u00fcber 4.000 Jahren. Schon im alten \u00c4gypten galt sie als \u201eWunderpflanze\u201c: Sie wurde verwendet, um die Haut zu beruhigen, Wunden zu heilen und diente sogar als Sch\u00f6nheitselixier f\u00fcr Pharaonen und K\u00f6niginnen. Die Griechen nannten sie die \u201ePflanze der Unsterblichkeit\u201c, w\u00e4hrend die R\u00f6mer sie in Thermalb\u00e4dern und K\u00f6rperbalsamen einsetzten.  <\/p>\n<p data-start=\"661\" data-end=\"1002\" class=\"\">Auch in den indischen und s\u00fcdamerikanischen Traditionen spielte Aloe schon immer eine zentrale Rolle in der Naturheilkunde: In der ayurvedischen Medizin wurde sie verwendet, um den K\u00f6rper ins Gleichgewicht zu bringen, w\u00e4hrend die indigenen V\u00f6lker Mittel- und S\u00fcdamerikas sie als \u201ePflanze des Lebens\u201c betrachteten \u2013 hilfreich bei inneren Beschwerden und Hautproblemen.<\/p>\n<p data-start=\"1004\" data-end=\"1253\" class=\"\">Diese lange Geschichte zieht sich durch Jahrhunderte und Kulturen bis in unsere heutige Zeit, in der Aloe Vera weltweit f\u00fcr ihre au\u00dfergew\u00f6hnlichen beruhigenden, feuchtigkeitsspendenden und regenerierenden Eigenschaften gesch\u00e4tzt wird. Eine uralte Pflanze \u2013 und doch aktueller denn je. <\/p>\n<p>[\/et_pb_text][\/et_pb_column][\/et_pb_row][et_pb_row column_structure=&#8220;1_2,1_2&#8243; custom_padding_last_edited=&#8220;on|desktop&#8220; _builder_version=&#8220;4.27.2&#8243; _module_preset=&#8220;048d8e79-b07f-439b-bd57-f41c14f0a56b&#8220; background_enable_color=&#8220;off&#8220; custom_padding=&#8220;|30px|55px|30px|false|true&#8220; custom_padding_tablet=&#8220;|30px||30px|false|true&#8220; custom_padding_phone=&#8220;|20px||20px|false|true&#8220; border_radii=&#8220;on|6px|6px|6px|6px&#8220; global_colors_info=&#8220;{}&#8220;][et_pb_column type=&#8220;1_2&#8243; _builder_version=&#8220;4.25.1&#8243; _module_preset=&#8220;default&#8220; global_colors_info=&#8220;{}&#8220;][et_pb_text _builder_version=&#8220;4.27.4&#8243; _module_preset=&#8220;default&#8220; global_colors_info=&#8220;{}&#8220;]<\/p>\n<h2 style=\"text-align: center;\">  Die Prinzipien der Aloe Vera<\/h2>\n<p>[\/et_pb_text][et_pb_image src=&#8220;https:\/\/www.alocambi.com\/wp-content\/uploads\/2024\/11\/pexels-darya-grey_owl-132130036-12304752.png&#8220; title_text=&#8220;pexels-darya-grey_owl-132130036-12304752&#8243; _builder_version=&#8220;4.27.2&#8243; _module_preset=&#8220;8249bb47-7bda-4c77-8a37-2a958f7a9826&#8243; global_colors_info=&#8220;{}&#8220;][\/et_pb_image][\/et_pb_column][et_pb_column type=&#8220;1_2&#8243; _builder_version=&#8220;4.27.2&#8243; _module_preset=&#8220;default&#8220; global_colors_info=&#8220;{}&#8220;][et_pb_text _builder_version=&#8220;4.27.2&#8243; _module_preset=&#8220;default&#8220; global_colors_info=&#8220;{}&#8220;]<\/p>\n<p data-start=\"241\" data-end=\"629\" class=\"\" style=\"text-align: justify;\">Die Aloe Vera Barbadensis ist eine sukkulente Pflanze aus der Familie der Asphodelaceae, die seit Jahrtausenden f\u00fcr ihre au\u00dfergew\u00f6hnlichen heilenden Eigenschaften bekannt ist. Bereits im alten \u00c4gypten, um 2200 v.\u202fChr., galt sie als heilige Pflanze: Die Pharaonen verwendeten sie in rituellen Zeremonien und als Heilmittel f\u00fcr die Haut sowie bei verschiedenen Beschwerden, wie im <em data-start=\"579\" data-end=\"594\">Papyrus Ebers<\/em>, einem der \u00e4ltesten medizinischen Texte, beschrieben. <\/p>\n<p data-start=\"631\" data-end=\"925\" class=\"\" style=\"text-align: justify;\">Im Laufe der Zeit verbreitete sich die Aloe rasch in Afrika, Asien und im Mittelmeerraum und wurde zu einem festen Bestandteil der Heilpflanzentradition vieler Kulturen. In Griechenland pries Aristoteles ihre therapeutischen Eigenschaften, w\u00e4hrend sie in China in der traditionellen Medizin zur Behandlung verschiedener Krankheiten eingesetzt wurde. <\/p>\n<p data-start=\"927\" data-end=\"1240\" class=\"\" style=\"text-align: justify;\">Heute werden ihre Eigenschaften auch durch die moderne wissenschaftliche Forschung best\u00e4tigt. Aloe Vera wird in der Kosmetik, Dermatologie und Phytotherapie weit verbreitet eingesetzt \u2013 wegen ihrer beruhigenden, feuchtigkeitsspendenden und regenerierenden Wirkung. Sie ist eine nat\u00fcrliche Zutat, die immer mehr gesch\u00e4tzt wird, wenn es um die t\u00e4gliche Hautpflege und das allgemeine Wohlbefinden geht. <\/p>\n<p>[\/et_pb_text][\/et_pb_column][\/et_pb_row][et_pb_row column_structure=&#8220;1_2,1_2&#8243; custom_padding_last_edited=&#8220;on|desktop&#8220; _builder_version=&#8220;4.27.2&#8243; _module_preset=&#8220;048d8e79-b07f-439b-bd57-f41c14f0a56b&#8220; background_enable_color=&#8220;off&#8220; custom_padding=&#8220;|30px|56px|30px|false|true&#8220; custom_padding_tablet=&#8220;|30px||30px|false|true&#8220; custom_padding_phone=&#8220;|20px||20px|false|true&#8220; border_radii=&#8220;on|6px|6px|6px|6px&#8220; global_colors_info=&#8220;{}&#8220;][et_pb_column type=&#8220;1_2&#8243; _builder_version=&#8220;4.25.1&#8243; _module_preset=&#8220;default&#8220; global_colors_info=&#8220;{}&#8220;][et_pb_text _builder_version=&#8220;4.27.4&#8243; _module_preset=&#8220;default&#8220; global_colors_info=&#8220;{}&#8220;]<\/p>\n<h2 style=\"text-align: center;\">Die Vorteile der Aloe Vera Barbadensis: eine Pflanze, tausend Anwendungen<\/h2>\n<p>[\/et_pb_text][et_pb_image src=&#8220;https:\/\/www.alocambi.com\/wp-content\/uploads\/2024\/11\/aloe-4268796.png&#8220; title_text=&#8220;aloe-4268796&#8243; _builder_version=&#8220;4.27.2&#8243; _module_preset=&#8220;8249bb47-7bda-4c77-8a37-2a958f7a9826&#8243; global_colors_info=&#8220;{}&#8220;][\/et_pb_image][\/et_pb_column][et_pb_column type=&#8220;1_2&#8243; _builder_version=&#8220;4.27.2&#8243; _module_preset=&#8220;default&#8220; global_colors_info=&#8220;{}&#8220;][et_pb_text _builder_version=&#8220;4.27.2&#8243; _module_preset=&#8220;default&#8220; global_colors_info=&#8220;{}&#8220;]<\/p>\n<p data-start=\"315\" data-end=\"568\" class=\"\" style=\"text-align: justify;\">Aloe Vera wird f\u00fcr ihre therapeutischen und kosmetischen Eigenschaften gesch\u00e4tzt. Das aus den Bl\u00e4ttern gewonnene Gel wirkt feuchtigkeitsspendend und beruhigend \u2013 ideal zur Behandlung von Sonnenbrand, Hautreizungen und Akne. Es f\u00f6rdert die Hautregeneration und reduziert Entz\u00fcndungen. <\/p>\n<p data-start=\"570\" data-end=\"745\" class=\"\" style=\"text-align: justify;\">Zahlreiche Studien best\u00e4tigen ihre antibakterielle und antimykotische Wirkung, die sowohl f\u00fcr die Haut als auch f\u00fcr die Mundgesundheit n\u00fctzlich ist: Sie hilft, Zahnbelag zu reduzieren und Zahnfleischentz\u00fcndungen zu lindern.<\/p>\n<p data-start=\"747\" data-end=\"910\" class=\"\" style=\"text-align: justify;\">Aloe-Saft ist bekannt f\u00fcr seine positiven Wirkungen auf die Verdauung und das Darmwohlbefinden. Er tr\u00e4gt zur Regulierung des Verdauungstrakts bei und hilft, Magen-Darm-Beschwerden zu lindern.<\/p>\n<p data-start=\"912\" data-end=\"1112\" class=\"\" style=\"text-align: justify;\">Dank ihrer entz\u00fcndungshemmenden Verbindungen, wie z.\u202fB. Salicyls\u00e4ure, eignet sich Aloe Vera auch zur Linderung von Muskel- und Gelenkschmerzen und ist bei chronischen Entz\u00fcndungen wie Arthritis hilfreich.<\/p>\n<p data-start=\"1114\" data-end=\"1264\" class=\"\" style=\"text-align: justify;\">Schlie\u00dflich deuten einige Studien darauf hin, dass Aloe Vera das Immunsystem unterst\u00fctzen kann, indem sie die Abwehrreaktion des K\u00f6rpers gegen Krankheitserreger verbessert.<\/p>\n<p data-start=\"1266\" data-end=\"1498\" class=\"\" style=\"text-align: justify;\">Kurz gesagt, Aloe Vera ist eine vielseitige und au\u00dfergew\u00f6hnliche Pflanze, deren Anwendungsm\u00f6glichkeiten von der Kosmetik bis zur Naturmedizin reichen. Eine jahrtausendealte Ressource, die noch immer im Mittelpunkt des wissenschaftlichen Interesses und des t\u00e4glichen Wohlbefindens steht. <\/p>\n<p>[\/et_pb_text][\/et_pb_column][\/et_pb_row][et_pb_row column_structure=&#8220;1_4,1_4,1_4,1_4&#8243; _builder_version=&#8220;4.27.4&#8243; _module_preset=&#8220;default&#8220; global_colors_info=&#8220;{}&#8220;][et_pb_column type=&#8220;1_4&#8243; _builder_version=&#8220;4.27.4&#8243; _module_preset=&#8220;default&#8220; global_colors_info=&#8220;{}&#8220;][et_pb_cta title=&#8220;Entdecken Sie alle Vorteile&#8220; button_url=&#8220;http:\/\/aloe-vera\/benefici-aloe-vera\/&#8220; button_text=&#8220;Hier&#8220; module_id=&#8220;cta-hover&#8220; _builder_version=&#8220;4.27.4&#8243; _module_preset=&#8220;default&#8220; header_text_color=&#8220;#2f2f2f&#8220; body_text_color=&#8220;#2f2f2f&#8220; background_color=&#8220;#cdecc9&#8243; custom_button=&#8220;on&#8220; button_text_color=&#8220;#2f2f2f&#8220; button_border_color=&#8220;#FFFFFF&#8220; custom_css_free_form=&#8220;selector {||  transition: box-shadow 0.3s ease;||}||&#8220; border_radii=&#8220;on|12px|12px|12px|12px&#8220; box_shadow_style=&#8220;preset3&#8243; global_colors_info=&#8220;{}&#8220;][\/et_pb_cta][\/et_pb_column][et_pb_column type=&#8220;1_4&#8243; _builder_version=&#8220;4.27.4&#8243; _module_preset=&#8220;default&#8220; global_colors_info=&#8220;{}&#8220;][et_pb_cta title=&#8220;Gehen Sie zu unserem Blog&#8220; button_url=&#8220;https:\/\/www.alocambi.com\/de\/blog\/&#8220; button_text=&#8220;Lesen Sie&#8220; module_id=&#8220;cta-blog&#8220; _builder_version=&#8220;4.27.4&#8243; _module_preset=&#8220;default&#8220; header_text_color=&#8220;#2f2f2f&#8220; body_text_color=&#8220;#2f2f2f&#8220; background_color=&#8220;#cdecc9&#8243; custom_button=&#8220;on&#8220; button_text_color=&#8220;#2f2f2f&#8220; button_border_color=&#8220;#FFFFFF&#8220; custom_css_free_form=&#8220;selector {||  transition: box-shadow 0.3s ease;||}||&#8220; border_radii=&#8220;on|12px|12px|12px|12px&#8220; box_shadow_style=&#8220;preset3&#8243; global_colors_info=&#8220;{}&#8220;][\/et_pb_cta][\/et_pb_column][et_pb_column type=&#8220;1_4&#8243; _builder_version=&#8220;4.27.4&#8243; _module_preset=&#8220;default&#8220; global_colors_info=&#8220;{}&#8220;][et_pb_cta title=&#8220;Jetzt direkt kaufen&#8220; button_url=&#8220;https:\/\/www.amazon.it\/dp\/B0DXCY4JKP&#8220; button_text=&#8220;Kaufen&#8220; module_id=&#8220;cta-acquista&#8220; _builder_version=&#8220;4.27.4&#8243; _module_preset=&#8220;default&#8220; header_text_color=&#8220;#2f2f2f&#8220; body_text_color=&#8220;#2f2f2f&#8220; background_color=&#8220;#cdecc9&#8243; custom_button=&#8220;on&#8220; button_text_color=&#8220;#2f2f2f&#8220; button_border_color=&#8220;#FFFFFF&#8220; hover_enabled=&#8220;0&#8243; custom_css_free_form=&#8220;selector {||  transition: box-shadow 0.3s ease;||}||&#8220; border_radii=&#8220;on|12px|12px|12px|12px&#8220; box_shadow_style=&#8220;preset3&#8243; global_colors_info=&#8220;{}&#8220; sticky_enabled=&#8220;0&#8243;][\/et_pb_cta][\/et_pb_column][et_pb_column type=&#8220;1_4&#8243; _builder_version=&#8220;4.27.4&#8243; _module_preset=&#8220;default&#8220; global_colors_info=&#8220;{}&#8220;][et_pb_cta title=&#8220;Wie Sie unsere Aloe verwenden&#8220; button_url=&#8220;https:\/\/www.alocambi.com\/de\/aloe-vera\/aloe-vera-anwendung\/&#8220; button_text=&#8220;Klicken Sie auf&#8220; module_id=&#8220;cta-acquista&#8220; _builder_version=&#8220;4.27.6&#8243; _module_preset=&#8220;default&#8220; header_text_color=&#8220;#2f2f2f&#8220; body_text_color=&#8220;#2f2f2f&#8220; background_color=&#8220;#cdecc9&#8243; custom_button=&#8220;on&#8220; button_text_color=&#8220;#2f2f2f&#8220; button_border_color=&#8220;#FFFFFF&#8220; hover_enabled=&#8220;0&#8243; custom_css_free_form=&#8220;selector {||  transition: box-shadow 0.3s ease;||}||&#8220; border_radii=&#8220;on|12px|12px|12px|12px&#8220; box_shadow_style=&#8220;preset3&#8243; global_colors_info=&#8220;{}&#8220; sticky_enabled=&#8220;0&#8243;][\/et_pb_cta][\/et_pb_column][\/et_pb_row][\/et_pb_section]<\/p>\n","protected":false},"excerpt":{"rendered":"<p>ALOE VERA BARBADENSIS DIE WUNDERPFLANZE, DIE DIE HAUT REVOLUTIONIERTDie Entdeckung der Aloe VeraAloe Vera ist der wissenschaftliche Name einer Pflanze aus der Familie der Aloeaceae. Es wird angenommen, dass Aloe Vera urspr\u00fcnglich aus dem Sudan und von der Arabischen Halbinsel stammt. Heutzutage findet man sie \u2013 sowohl kultiviert als auch wildwachsend \u2013 in Nordafrika, Asien [&hellip;]<\/p>\n","protected":false},"author":1,"featured_media":0,"parent":0,"menu_order":0,"comment_status":"closed","ping_status":"closed","template":"","meta":{"_et_pb_use_builder":"on","_et_pb_old_content":"","_et_gb_content_width":"","footnotes":""},"class_list":["post-617","page","type-page","status-publish","hentry"],"_links":{"self":[{"href":"https:\/\/www.alocambi.com\/de\/wp-json\/wp\/v2\/pages\/617","targetHints":{"allow":["GET"]}}],"collection":[{"href":"https:\/\/www.alocambi.com\/de\/wp-json\/wp\/v2\/pages"}],"about":[{"href":"https:\/\/www.alocambi.com\/de\/wp-json\/wp\/v2\/types\/page"}],"author":[{"embeddable":true,"href":"https:\/\/www.alocambi.com\/de\/wp-json\/wp\/v2\/users\/1"}],"replies":[{"embeddable":true,"href":"https:\/\/www.alocambi.com\/de\/wp-json\/wp\/v2\/comments?post=617"}],"version-history":[{"count":65,"href":"https:\/\/www.alocambi.com\/de\/wp-json\/wp\/v2\/pages\/617\/revisions"}],"predecessor-version":[{"id":5210,"href":"https:\/\/www.alocambi.com\/de\/wp-json\/wp\/v2\/pages\/617\/revisions\/5210"}],"wp:attachment":[{"href":"https:\/\/www.alocambi.com\/de\/wp-json\/wp\/v2\/media?parent=617"}],"curies":[{"name":"wp","href":"https:\/\/api.w.org\/{rel}","templated":true}]}}