{"id":589,"date":"2024-10-18T16:00:45","date_gmt":"2024-10-18T16:00:45","guid":{"rendered":"https:\/\/www.alocambi.com\/ueber-uns\/"},"modified":"2025-10-15T11:53:14","modified_gmt":"2025-10-15T11:53:14","slug":"ueber-uns","status":"publish","type":"page","link":"https:\/\/www.alocambi.com\/de\/ueber-uns\/","title":{"rendered":"\u00dcber uns"},"content":{"rendered":"<p>[et_pb_section fb_built=&#8220;1&#8243; fullwidth=&#8220;on&#8220; _builder_version=&#8220;4.27.2&#8243; _module_preset=&#8220;default&#8220; global_colors_info=&#8220;{}&#8220;][et_pb_fullwidth_slider use_bg_overlay=&#8220;on&#8220; bg_overlay_color=&#8220;rgba(0,0,0,0.35)&#8220; use_text_overlay=&#8220;off&#8220; _builder_version=&#8220;4.27.2&#8243; _module_preset=&#8220;default&#8220; background_enable_color=&#8220;off&#8220; height=&#8220;200px&#8220; height_tablet=&#8220;200px&#8220; height_phone=&#8220;100px&#8220; height_last_edited=&#8220;on|phone&#8220; auto=&#8220;on&#8220; global_colors_info=&#8220;{}&#8220;][et_pb_slide heading=&#8220;Autorisierte Vertriebspartner&#8220; image=&#8220;https:\/\/www.alocambi.com\/wp-content\/uploads\/2024\/11\/logo-fote-white.png&#8220; _builder_version=&#8220;4.27.2&#8243; _dynamic_attributes=&#8220;link_option_url&#8220; _module_preset=&#8220;default&#8220; background_video_mp4=&#8220;https:\/\/www.alocambi.com\/wp-content\/uploads\/2024\/10\/1390942-hd_2048_1080_24fps.mp4&#8243; background_enable_video_mp4=&#8220;on&#8220; link_option_url=&#8220;@ET-DC@eyJkeW5hbWljIjp0cnVlLCJjb250ZW50IjoicG9zdF9saW5rX3VybF9wYWdlIiwic2V0dGluZ3MiOnsicG9zdF9pZCI6IjExOSJ9fQ==@&#8220; global_colors_info=&#8220;{}&#8220; sticky_transition=&#8220;on&#8220;][\/et_pb_slide][\/et_pb_fullwidth_slider][\/et_pb_section][et_pb_section fb_built=&#8220;1&#8243; admin_label=&#8220;Hero&#8220; _builder_version=&#8220;4.27.2&#8243; _module_preset=&#8220;74c69059-8e69-4122-b1e6-dfeabf6c5711&#8243; background_color=&#8220;#b4b7c4&#8243; use_background_color_gradient=&#8220;on&#8220; background_color_gradient_stops=&#8220;rgba(0,0,0,0.6) 0%|rgba(0,0,0,0.9) 100%&#8220; background_color_gradient_overlays_image=&#8220;on&#8220; background_color_gradient_start=&#8220;rgba(0,0,0,0.5)&#8220; background_color_gradient_end=&#8220;rgba(0,0,0,0.75)&#8220; background_image=&#8220;https:\/\/images.unsplash.com\/photo-1502304132542-498729c6b21a?ixid=M3w1ODkyNzF8MHwxfHNlYXJjaHwxfHxhbG9lJTIwcGxhbnQlMjBjbG9zZXVwfGVufDB8MHx8fDE3MjkyMTE0NTd8MA&#038;ixlib=rb-4.0.3&#038;fm=webp&#038;fit=crop&#038;crop=entropy&#038;w=1920&#038;h=1080&#038;q=20&#038;dpr=2&#8243; custom_padding=&#8220;0px||0px||true|false&#8220; locked=&#8220;off&#8220; collapsed=&#8220;off&#8220; global_colors_info=&#8220;{}&#8220;][et_pb_row column_structure=&#8220;1_2,1_2&#8243; make_equal=&#8220;on&#8220; _builder_version=&#8220;4.27.2&#8243; _module_preset=&#8220;5138c454-be54-4233-bd3b-f8e6a8747976&#8243; custom_padding=&#8220;0px||0px||true|false&#8220; box_shadow_style=&#8220;preset4&#8243; box_shadow_horizontal=&#8220;-30vw&#8220; box_shadow_vertical=&#8220;0px&#8220; box_shadow_color=&#8220;#FFFFFF&#8220; global_colors_info=&#8220;{}&#8220;][et_pb_column type=&#8220;1_2&#8243; _builder_version=&#8220;4.23.1&#8243; _module_preset=&#8220;73121f80-a3ef-4484-8763-c3f18e3c56d2&#8243; background_color=&#8220;#FFFFFF&#8220; custom_padding=&#8220;22%||22%||true|false&#8220; box_shadow_style=&#8220;preset4&#8243; box_shadow_horizontal=&#8220;200px&#8220; box_shadow_vertical=&#8220;0px&#8220; box_shadow_color=&#8220;#FFFFFF&#8220; global_colors_info=&#8220;{}&#8220;][et_pb_heading title=&#8220;WER WIR SIND&#8220; _builder_version=&#8220;4.27.2&#8243; _module_preset=&#8220;f0c675ea-2574-4d0e-b725-30f8550a8550&#8243; title_level=&#8220;h4&#8243; title_font=&#8220;-et_global_body_font|Playfair Display_weight||on|||||&#8220; title_text_color=&#8220;#22577a&#8220; title_font_size=&#8220;14px&#8220; title_letter_spacing=&#8220;1px&#8220; title_line_height=&#8220;1.4em&#8220; custom_margin=&#8220;||10px||false|false&#8220; title_font_size_tablet=&#8220;13px&#8220; title_font_size_phone=&#8220;13px&#8220; title_font_size_last_edited=&#8220;on|desktop&#8220; locked=&#8220;off&#8220; global_colors_info=&#8220;{%22#22577a%22:%91%22title_text_color%22%93}&#8220;][\/et_pb_heading][et_pb_heading title=&#8220;Alocambi - Ihre Referenz f\u00fcr Qualit\u00e4ts-Aloe Vera \ud83c\udf3f&#8220; _builder_version=&#8220;4.27.4&#8243; _module_preset=&#8220;ddeb8c09-9078-4424-bc15-2efb6572e28e&#8220; title_font=&#8220;-et_global_heading_font||||||||&#8220; title_text_align=&#8220;center&#8220; title_text_color=&#8220;#00840f&#8220; title_font_size=&#8220;40px&#8220; title_line_height=&#8220;1.15em&#8220; title_font_size_tablet=&#8220;40px&#8220; title_font_size_phone=&#8220;24px&#8220; title_font_size_last_edited=&#8220;on|phone&#8220; locked=&#8220;off&#8220; global_colors_info=&#8220;{}&#8220;][\/et_pb_heading][et_pb_text quote_border_color=&#8220;#57cc99&#8243; _builder_version=&#8220;4.27.2&#8243; _module_preset=&#8220;2c55a9c4-feed-423b-9edb-ae0b5b365cac&#8220; text_font=&#8220;-et_global_body_font|Source Sans Pro_weight|||||||&#8220; text_text_color=&#8220;rgba(0,0,0,0.64)&#8220; text_font_size=&#8220;16px&#8220; text_line_height=&#8220;1.75em&#8220; link_font=&#8220;|Source Sans Pro_weight|||||||&#8220; link_text_color=&#8220;#22577a&#8220; quote_font=&#8220;Playfair Display|Playfair Display_weight|||||||&#8220; quote_text_color=&#8220;#111111&#8243; header_font=&#8220;Playfair Display|Playfair Display_weight|||||||&#8220; header_text_color=&#8220;#111111&#8243; header_font_size=&#8220;72px&#8220; header_line_height=&#8220;1.15em&#8220; header_2_font=&#8220;Playfair Display|Playfair Display_weight|||||||&#8220; header_2_text_color=&#8220;#111111&#8243; header_2_font_size=&#8220;50px&#8220; header_2_line_height=&#8220;1.2em&#8220; header_3_font=&#8220;Playfair Display|Playfair Display_weight|||||||&#8220; header_3_text_color=&#8220;#111111&#8243; header_3_font_size=&#8220;32px&#8220; header_3_line_height=&#8220;1.3em&#8220; header_4_font=&#8220;Playfair Display|Playfair Display_weight|||||||&#8220; header_4_text_color=&#8220;#111111&#8243; header_4_font_size=&#8220;24px&#8220; header_4_line_height=&#8220;1.4em&#8220; header_5_font=&#8220;Playfair Display|Playfair Display_weight|||||||&#8220; header_5_text_color=&#8220;#111111&#8243; header_5_font_size=&#8220;18px&#8220; header_5_line_height=&#8220;1.4em&#8220; header_6_font=&#8220;Playfair Display|Playfair Display_weight|||||||&#8220; header_6_text_color=&#8220;#111111&#8243; header_6_line_height=&#8220;1.5em&#8220; custom_margin=&#8220;||||false|false&#8220; text_font_size_tablet=&#8220;15px&#8220; text_font_size_phone=&#8220;14px&#8220; text_font_size_last_edited=&#8220;on|phone&#8220; header_font_size_tablet=&#8220;40px&#8220; header_font_size_phone=&#8220;24px&#8220; header_font_size_last_edited=&#8220;on|desktop&#8220; header_2_font_size_tablet=&#8220;28px&#8220; header_2_font_size_phone=&#8220;20px&#8220; header_2_font_size_last_edited=&#8220;on|phone&#8220; header_3_font_size_tablet=&#8220;22px&#8220; header_3_font_size_phone=&#8220;17px&#8220; header_3_font_size_last_edited=&#8220;on|phone&#8220; header_4_font_size_tablet=&#8220;18px&#8220; header_4_font_size_phone=&#8220;15px&#8220; header_4_font_size_last_edited=&#8220;on|tablet&#8220; header_5_font_size_tablet=&#8220;15px&#8220; header_5_font_size_phone=&#8220;14px&#8220; header_5_font_size_last_edited=&#8220;on|desktop&#8220; header_6_font_size_tablet=&#8220;13px&#8220; header_6_font_size_phone=&#8220;13px&#8220; header_6_font_size_last_edited=&#8220;on|desktop&#8220; locked=&#8220;off&#8220; inline_fonts=&#8220;Times New Roman&#8220; global_colors_info=&#8220;{}&#8220;]<\/p>\n<p data-start=\"376\" data-end=\"649\" style=\"text-align: justify;\">Alocambi wurde mit einer klaren Mission gegr\u00fcndet: in Zusammenarbeit mit <em data-start=\"527\" data-end=\"547\">Fruit of the Earth<\/em>, einem der bekanntesten und international gesch\u00e4tzten Unternehmen im Bereich Aloe Vera, <strong data-start=\"458\" data-end=\"503\">reines Aloe Vera Gel von h\u00f6chster Qualit\u00e4t<\/strong> nach Italien, Deutschland und \u00d6sterreich zu bringen.<\/p>\n<p data-start=\"651\" data-end=\"1152\" style=\"text-align: justify;\">Aloe Vera gilt seit jeher als wertvolle Pflanze, die seit der Antike wegen ihrer wohltuenden Eigenschaften und ihrer Vielseitigkeit verwendet wird. Heute ist es dank einer zertifizierten und kontrollierten Lieferkette m\u00f6glich, ein Produkt anzubieten, das die Natur respektiert und konkrete Ergebnisse garantiert. Mit Alocambi m\u00f6chten wir den authentischen Wert dieser au\u00dfergew\u00f6hnlichen nat\u00fcrlichen Zutat verbreiten und sie all jenen zug\u00e4nglich machen, die sich um ihre Haut, ihr Haar und ihr t\u00e4gliches Wohlbefinden k\u00fcmmern m\u00f6chten.  <\/p>\n<h2><span style=\"font-family: inherit; font-weight: normal; font-size: medium;\"><strong>Die St\u00e4rke der Zusammenarbeit mit Fruit of the Earth<\/strong><\/span><\/h2>\n<p data-start=\"1213\" data-end=\"1612\" style=\"text-align: justify;\">Unser Ausgangspunkt ist die Zusammenarbeit mit <em data-start=\"1265\" data-end=\"1285\">Fruit of the Earth<\/em>, einem Unternehmen mit \u00fcber 40 Jahren Erfahrung, das weltweit f\u00fcr die Qualit\u00e4t seiner Produkte auf Aloe Vera-Basis bekannt ist. Die Marke steht f\u00fcr Innovation, Transparenz und Respekt f\u00fcr die Umwelt: Werte, die Alocambi teilt und in seiner offiziellen Vertriebst\u00e4tigkeit in Italien, Deutschland und \u00d6sterreich weiterf\u00fchrt. <\/p>\n<p data-start=\"1614\" data-end=\"1918\" style=\"text-align: justify;\">Jedes Produkt wird mit Aloe Vera aus kontrolliertem Anbau hergestellt, wo die Pflanze im Einklang mit den nat\u00fcrlichen Zyklen w\u00e4chst und so verarbeitet wird, dass alle ihre Eigenschaften intakt bleiben. So k\u00f6nnen wir unseren Kunden reines, sicheres und kompromissloses Aloe Vera Gel garantieren. <\/p>\n<h2 data-start=\"1920\" data-end=\"1973\"><span style=\"font-family: inherit; font-weight: normal;\"><strong><span style=\"font-size: medium;\">Aloe Vera Gel: ein Verb\u00fcndeter f\u00fcr die t\u00e4gliche Pflege<\/span><\/strong><\/span><\/h2>\n<p data-start=\"1975\" data-end=\"2131\" style=\"text-align: justify;\"><strong data-start=\"1977\" data-end=\"1999\">Reines Aloe Vera Gel<\/strong> ist ein au\u00dferordentlich vielseitiges Produkt, das f\u00fcr die ganze Familie geeignet und in zahlreichen Situationen n\u00fctzlich ist. Seine wichtigsten Vorteile sind: <\/p>\n<ul data-start=\"2133\" data-end=\"2509\" style=\"text-align: justify;\">\n<li data-start=\"2133\" data-end=\"2222\">\n<p data-start=\"2135\" data-end=\"2222\"><strong data-start=\"2135\" data-end=\"2159\">Tiefer Feuchtigkeitsgehalt<\/strong> - n\u00e4hrt die Haut, ohne sie zu fetten, und macht sie frisch und weich.<\/p>\n<\/li>\n<li data-start=\"2223\" data-end=\"2319\">\n<p data-start=\"2225\" data-end=\"2319\"><strong data-start=\"2225\" data-end=\"2244\">Beruhigende Wirkung<\/strong> - ideal f\u00fcr ger\u00f6tete, trockene Haut oder nach Sonneneinwirkung.<\/p>\n<\/li>\n<li data-start=\"2320\" data-end=\"2413\">\n<p data-start=\"2322\" data-end=\"2413\"><strong data-start=\"2322\" data-end=\"2348\">Nat\u00fcrliche Regeneration<\/strong> - hilft, die Hauterneuerungsprozesse zu stimulieren.<\/p>\n<\/li>\n<li data-start=\"2414\" data-end=\"2509\">\n<p data-start=\"2416\" data-end=\"2509\"><strong data-start=\"2416\" data-end=\"2441\">Haar-Wellness<\/strong> - hilft, die Kopfhaut zu n\u00e4hren und verleiht dem Haar Vitalit\u00e4t.<\/p>\n<\/li>\n<\/ul>\n<p data-start=\"2511\" data-end=\"2677\" style=\"text-align: justify;\">Dank seiner nat\u00fcrlichen Zusammensetzung und zertifizierten Reinheit zeichnet sich unser Aloe Vera Gel als zuverl\u00e4ssiges und sicheres Produkt f\u00fcr die t\u00e4gliche Anwendung aus.<\/p>\n<h2 data-start=\"2679\" data-end=\"2699\"><strong><span style=\"font-size: large;\">Unsere Werte<\/span><\/strong><\/h2>\n<p data-start=\"2701\" data-end=\"2822\" style=\"text-align: justify;\">Wir bei Alocambi glauben, dass Qualit\u00e4t die Grundlage f\u00fcr jede Entscheidung ist. Deshalb st\u00fctzt sich unsere T\u00e4tigkeit auf drei S\u00e4ulen: <\/p>\n<p data-start=\"2824\" data-end=\"3319\" style=\"text-align: justify;\">\u2705 <strong data-start=\"2826\" data-end=\"2847\">Garantierte Qualit\u00e4t<\/strong> - Alle unsere Produkte entsprechen den strengsten europ\u00e4ischen Normen und sind zertifiziert, um ein H\u00f6chstma\u00df an Verbrauchersicherheit zu bieten.<br data-start=\"2986\" data-end=\"2989\">\u2705 <strong data-start=\"2991\" data-end=\"3008\">Nachhaltigkeit<\/strong> - Aloe Vera stammt aus kontrolliertem, umweltfreundlichem Anbau, mit Produktionsprozessen, die darauf bedacht sind, Abf\u00e4lle zu reduzieren.<br data-start=\"3149\" data-end=\"3152\">\u2705 <strong data-start=\"3154\" data-end=\"3177\">Echtes Wohlbefinden<\/strong> - Aloe Vera ist ein nat\u00fcrlicher und vielseitiger Inhaltsstoff, der f\u00fcr Menschen jeden Alters geeignet ist, ideal f\u00fcr die Pflege von Haut, Haar und K\u00f6rper.<\/p>\n<h2 data-start=\"3321\" data-end=\"3351\"><strong><span style=\"font-size: large;\">Warum Alocambi w\u00e4hlen<\/span><\/strong><\/h2>\n<p data-start=\"3353\" data-end=\"3624\" style=\"text-align: justify;\">Wenn Sie sich f\u00fcr Alocambi entscheiden, verlassen Sie sich auf einen offiziellen Vertriebspartner, bei dem <strong data-start=\"3445\" data-end=\"3479\">Transparenz, Qualit\u00e4t und Vertrauen<\/strong> an erster Stelle stehen. Jedes Produkt, das wir auf den Markt bringen, wird sorgf\u00e4ltig ausgew\u00e4hlt, mit dem Ziel, nur reines und wirklich wirksames Aloe Vera Gel anzubieten. <\/p>\n<p data-start=\"3626\" data-end=\"3839\" style=\"text-align: justify;\">Unser t\u00e4gliches Engagement besteht darin, nat\u00fcrliches und authentisches Wohlbefinden zu verbreiten und das Leben der Menschen durch die Verwendung eines Produkts zu verbessern, das die ganze Energie und Vitalit\u00e4t der Natur verk\u00f6rpert.<\/p>\n<h2 data-start=\"3841\" data-end=\"3871\"><strong><span style=\"font-size: large;\">Eine Vision f\u00fcr die Zukunft<\/span><\/strong><\/h2>\n<p data-start=\"3873\" data-end=\"4128\">Alocambi beschr\u00e4nkt sich nicht nur auf den Vertrieb: Wir m\u00f6chten eine echte Aloe Vera-Kultur schaffen, das Bewusstsein der Verbraucher f\u00fcr die Vorteile dieser au\u00dfergew\u00f6hnlichen Pflanze sch\u00e4rfen und einen gesunden, ausgewogenen und umweltfreundlichen Lebensstil f\u00f6rdern.<\/p>\n<p data-start=\"4130\" data-end=\"4272\">Unsere Vision ist einfach: Wir wollen ein Produkt anbieten, das f\u00fcr alle, die <strong data-start=\"4234\" data-end=\"4269\">Reinheit, Qualit\u00e4t und Zuverl\u00e4ssigkeit<\/strong> suchen, einen Ma\u00dfstab setzt.<\/p>\n<h2 data-start=\"4274\" data-end=\"4290\"><\/h2>\n<p data-start=\"4292\" data-end=\"4579\" style=\"text-align: justify;\">Unsere Leidenschaft f\u00fcr Aloe Vera treibt uns jeden Tag an, unser Bestes zu geben. Mit Alocambi bringen wir <strong data-start=\"4422\" data-end=\"4476\">authentisches, zertifiziertes und nachhaltiges Aloe Vera Gel<\/strong> nach Italien, Deutschland und \u00d6sterreich und verbinden die Tradition einer uralten Pflanze mit der Modernit\u00e4t innovativer Produktionsverfahren. <\/p>\n<p data-start=\"4581\" data-end=\"4687\" style=\"text-align: justify;\"><strong data-start=\"4584\" data-end=\"4685\">\ud83c\udf3f Entdecken Sie die Reinheit der Aloe Vera mit Alocambi: eine nat\u00fcrliche Geste f\u00fcr Ihr t\u00e4gliches Wohlbefinden.<\/strong><\/p>\n<p>[\/et_pb_text][et_pb_button button_url=&#8220;@ET-DC@eyJkeW5hbWljIjp0cnVlLCJjb250ZW50IjoicG9zdF9saW5rX3VybF9wYWdlIiwic2V0dGluZ3MiOnsicG9zdF9pZCI6IjEyMSJ9fQ==@&#8220; button_text=&#8220;Kontaktieren Sie uns&#8220; button_alignment=&#8220;center&#8220; _builder_version=&#8220;4.27.4&#8243; _dynamic_attributes=&#8220;button_url&#8220; _module_preset=&#8220;1bffc0fc-42a0-49d1-bd9a-ae3ade2d7206&#8243; custom_button=&#8220;on&#8220; button_text_size=&#8220;14px&#8220; button_text_color=&#8220;#FFFFFF&#8220; button_bg_color=&#8220;#00AFA4&#8243; button_border_width=&#8220;0px&#8220; button_border_radius=&#8220;0px&#8220; button_font=&#8220;-et_global_body_font|700|||||||&#8220; custom_padding=&#8220;12px|24px|12px|24px|true|true&#8220; locked=&#8220;off&#8220; global_colors_info=&#8220;{}&#8220; custom_padding__hover_enabled=&#8220;off|desktop&#8220; custom_padding__hover=&#8220;|28px||20px|true|false&#8220;][\/et_pb_button][\/et_pb_column][et_pb_column type=&#8220;1_2&#8243; _builder_version=&#8220;4.24.3&#8243; _module_preset=&#8220;73121f80-a3ef-4484-8763-c3f18e3c56d2&#8243; custom_padding=&#8220;8%||8%||false|false&#8220; custom_padding_tablet=&#8220;||8%|8%|false|false&#8220; custom_padding_phone=&#8220;0%||8%||false|false&#8220; custom_padding_last_edited=&#8220;on|tablet&#8220; global_colors_info=&#8220;{}&#8220;][et_pb_image src=&#8220;https:\/\/www.alocambi.com\/wp-content\/uploads\/2024\/10\/sincerely-media-wppafd59cLs-unsplash-scaled.jpg&#8220; title_text=&#8220;sincerely-media-wppafd59cLs-unsplash&#8220; align=&#8220;center&#8220; force_fullwidth=&#8220;on&#8220; _builder_version=&#8220;4.27.2&#8243; _module_preset=&#8220;1cc6152f-565c-4c4d-b0c9-cf8c9576c341&#8243; background_color=&#8220;#FFFFFF&#8220; module_alignment=&#8220;center&#8220; custom_margin_tablet=&#8220;-9vw|||-3vw|false|false&#8220; custom_margin_phone=&#8220;-9vw|||-3vw|false|false&#8220; custom_margin_last_edited=&#8220;off|desktop&#8220; custom_padding=&#8220;0px|0px|0px|0px|false|false&#8220; box_shadow_style=&#8220;preset4&#8243; box_shadow_horizontal=&#8220;0px&#8220; box_shadow_vertical=&#8220;24px&#8220; box_shadow_blur=&#8220;72px&#8220; box_shadow_spread=&#8220;-12px&#8220; box_shadow_color=&#8220;rgba(0,0,0,0.12)&#8220; global_colors_info=&#8220;{}&#8220;][\/et_pb_image][\/et_pb_column][\/et_pb_row][et_pb_row column_structure=&#8220;1_3,1_3,1_3&#8243; _builder_version=&#8220;4.27.4&#8243; _module_preset=&#8220;default&#8220; global_colors_info=&#8220;{}&#8220; locked=&#8220;off&#8220;][et_pb_column type=&#8220;1_3&#8243; _builder_version=&#8220;4.27.4&#8243; _module_preset=&#8220;default&#8220; global_colors_info=&#8220;{}&#8220;][et_pb_cta title=&#8220;M\u00f6chten Sie mehr erfahren?&#8220; button_url=&#8220;https:\/\/www.alocambi.com\/de\/aloe-vera\/&#8220; button_text=&#8220;Klicken Sie hier&#8220; module_id=&#8220;cta-hover&#8220; _builder_version=&#8220;4.27.4&#8243; _module_preset=&#8220;default&#8220; header_text_color=&#8220;#2f2f2f&#8220; body_text_color=&#8220;#2f2f2f&#8220; background_color=&#8220;#cdecc9&#8243; custom_button=&#8220;on&#8220; button_text_color=&#8220;#2f2f2f&#8220; button_border_color=&#8220;#FFFFFF&#8220; custom_css_free_form=&#8220;selector {||  transition: box-shadow 0.3s ease;||}||&#8220; border_radii=&#8220;on|12px|12px|12px|12px&#8220; box_shadow_style=&#8220;preset3&#8243; global_colors_info=&#8220;{}&#8220;]<\/p>\n<p>Wenn Sie mehr \u00fcber Aloe Vera erfahren m\u00f6chten<\/p>\n<p>[\/et_pb_cta][\/et_pb_column][et_pb_column type=&#8220;1_3&#8243; _builder_version=&#8220;4.27.4&#8243; _module_preset=&#8220;default&#8220; global_colors_info=&#8220;{}&#8220;][et_pb_cta title=&#8220;Gehen Sie zu unserem Blog&#8220; button_url=&#8220;https:\/\/www.alocambi.com\/de\/blog\/&#8220; button_text=&#8220;Jetzt lesen&#8220; module_id=&#8220;cta-blog&#8220; _builder_version=&#8220;4.27.4&#8243; _module_preset=&#8220;default&#8220; header_text_color=&#8220;#2f2f2f&#8220; body_text_color=&#8220;#2f2f2f&#8220; background_color=&#8220;#cdecc9&#8243; custom_button=&#8220;on&#8220; button_text_color=&#8220;#2f2f2f&#8220; button_border_color=&#8220;#FFFFFF&#8220; custom_css_free_form=&#8220;selector {||  transition: box-shadow 0.3s ease;||}||&#8220; border_radii=&#8220;on|12px|12px|12px|12px&#8220; box_shadow_style=&#8220;preset3&#8243; global_colors_info=&#8220;{}&#8220;]<\/p>\n<p>Lesen Sie Artikel, Tipps und Fakten \u00fcber Aloe Vera.<\/p>\n<p>[\/et_pb_cta][\/et_pb_column][et_pb_column type=&#8220;1_3&#8243; _builder_version=&#8220;4.27.4&#8243; _module_preset=&#8220;default&#8220; global_colors_info=&#8220;{}&#8220;][et_pb_cta title=&#8220;Jetzt kaufen&#8220; button_url=&#8220;https:\/\/www.amazon.it\/dp\/B0DXCY4JKP&#8220; button_text=&#8220;Jetzt kaufen&#8220; module_id=&#8220;cta-acquista&#8220; _builder_version=&#8220;4.27.4&#8243; _module_preset=&#8220;default&#8220; header_text_color=&#8220;#2f2f2f&#8220; body_text_color=&#8220;#2f2f2f&#8220; background_color=&#8220;#cdecc9&#8243; custom_button=&#8220;on&#8220; button_text_color=&#8220;#2f2f2f&#8220; button_border_color=&#8220;#FFFFFF&#8220; custom_css_free_form=&#8220;selector {||  transition: box-shadow 0.3s ease;||}||&#8220; border_radii=&#8220;on|12px|12px|12px|12px&#8220; box_shadow_style=&#8220;preset3&#8243; global_colors_info=&#8220;{}&#8220;]<\/p>\n<p>Kaufen Sie unser beliebtestes Produkt jetzt!<\/p>\n<p>[\/et_pb_cta][\/et_pb_column][\/et_pb_row][\/et_pb_section]<\/p>\n","protected":false},"excerpt":{"rendered":"<p>Alocambi wurde mit einer klaren Mission gegr\u00fcndet: in Zusammenarbeit mit Fruit of the Earth, einem der bekanntesten und international gesch\u00e4tzten Unternehmen im Bereich Aloe Vera, reines Aloe Vera Gel von h\u00f6chster Qualit\u00e4t nach Italien, Deutschland und \u00d6sterreich zu bringen. Aloe Vera gilt seit jeher als wertvolle Pflanze, die seit der Antike wegen ihrer wohltuenden Eigenschaften [&hellip;]<\/p>\n","protected":false},"author":1,"featured_media":0,"parent":0,"menu_order":0,"comment_status":"closed","ping_status":"closed","template":"","meta":{"_et_pb_use_builder":"on","_et_pb_old_content":"","_et_gb_content_width":"","footnotes":""},"class_list":["post-589","page","type-page","status-publish","hentry"],"_links":{"self":[{"href":"https:\/\/www.alocambi.com\/de\/wp-json\/wp\/v2\/pages\/589","targetHints":{"allow":["GET"]}}],"collection":[{"href":"https:\/\/www.alocambi.com\/de\/wp-json\/wp\/v2\/pages"}],"about":[{"href":"https:\/\/www.alocambi.com\/de\/wp-json\/wp\/v2\/types\/page"}],"author":[{"embeddable":true,"href":"https:\/\/www.alocambi.com\/de\/wp-json\/wp\/v2\/users\/1"}],"replies":[{"embeddable":true,"href":"https:\/\/www.alocambi.com\/de\/wp-json\/wp\/v2\/comments?post=589"}],"version-history":[{"count":45,"href":"https:\/\/www.alocambi.com\/de\/wp-json\/wp\/v2\/pages\/589\/revisions"}],"predecessor-version":[{"id":4008,"href":"https:\/\/www.alocambi.com\/de\/wp-json\/wp\/v2\/pages\/589\/revisions\/4008"}],"wp:attachment":[{"href":"https:\/\/www.alocambi.com\/de\/wp-json\/wp\/v2\/media?parent=589"}],"curies":[{"name":"wp","href":"https:\/\/api.w.org\/{rel}","templated":true}]}}