{"id":586,"date":"2024-11-05T19:58:35","date_gmt":"2024-11-05T19:58:35","guid":{"rendered":"https:\/\/www.alocambi.com\/produkte\/"},"modified":"2025-10-15T11:55:42","modified_gmt":"2025-10-15T11:55:42","slug":"produkte","status":"publish","type":"page","link":"https:\/\/www.alocambi.com\/de\/fruechte-der-erde\/produkte\/","title":{"rendered":"Produkte"},"content":{"rendered":"<p>[et_pb_section fb_built=&#8220;1&#8243; fullwidth=&#8220;on&#8220; _builder_version=&#8220;4.27.2&#8243; _module_preset=&#8220;default&#8220; global_colors_info=&#8220;{}&#8220;][et_pb_fullwidth_slider _builder_version=&#8220;4.27.2&#8243; _module_preset=&#8220;default&#8220; height=&#8220;150px&#8220; max_height=&#8220;301px&#8220; global_colors_info=&#8220;{}&#8220;][et_pb_slide heading=&#8220;PRODUKTE&#8220; _builder_version=&#8220;4.27.2&#8243; _module_preset=&#8220;default&#8220; background_color=&#8220;RGBA(255,255,255,0)&#8220; background_enable_color=&#8220;on&#8220; background_video_mp4=&#8220;https:\/\/www.alocambi.com\/wp-content\/uploads\/2024\/10\/6953532-hd_1920_1080_25fps.mp4&#8243; background_enable_video_mp4=&#8220;on&#8220; background_video_width=&#8220;100%&#8220; background_video_height=&#8220;100%&#8220; background_video_pause_outside_viewport=&#8220;off&#8220; global_colors_info=&#8220;{}&#8220; sticky_transition=&#8220;on&#8220;][\/et_pb_slide][\/et_pb_fullwidth_slider][\/et_pb_section][et_pb_section fb_built=&#8220;1&#8243; admin_label=&#8220;About&#8220; _builder_version=&#8220;4.25.1&#8243; _module_preset=&#8220;default&#8220; collapsed=&#8220;on&#8220; global_colors_info=&#8220;{}&#8220;][et_pb_row column_structure=&#8220;1_2,1_2&#8243; _builder_version=&#8220;4.27.4&#8243; _module_preset=&#8220;default&#8220; min_height=&#8220;117px&#8220; custom_margin=&#8220;|auto|0px|auto||&#8220; custom_padding=&#8220;||1px|||&#8220; global_colors_info=&#8220;{}&#8220;][et_pb_column type=&#8220;1_2&#8243; _builder_version=&#8220;4.27.4&#8243; _module_preset=&#8220;default&#8220; global_colors_info=&#8220;{}&#8220;][et_pb_text _builder_version=&#8220;4.27.4&#8243; _module_preset=&#8220;default&#8220; text_font_size=&#8220;18px&#8220; text_line_height=&#8220;1.9em&#8220; custom_padding=&#8220;9px|||||&#8220; global_colors_info=&#8220;{}&#8220;]<\/p>\n<h1 style=\"text-align: center; line-height: 1.2;\"><span style=\"font-size: 58px; letter-spacing: 0.5px;\">97% REINES ALOE-VERA-GEL<\/span><br \/>\n<span style=\"font-size: 28px; letter-spacing: 0.3px;\">NAT\u00dcRLICHE HYDRATATION UND LINDERUNG<\/span><\/h1>\n<p>[\/et_pb_text][et_pb_divider color=&#8220;#cccccc&#8220; _builder_version=&#8220;4.27.4&#8243; _module_preset=&#8220;default&#8220; module_alignment=&#8220;center&#8220; global_colors_info=&#8220;{}&#8220;][\/et_pb_divider][et_pb_text _builder_version=&#8220;4.27.4&#8243; _module_preset=&#8220;default&#8220; header_line_height=&#8220;1.6em&#8220; global_colors_info=&#8220;{}&#8220;]<\/p>\n<h2 style=\"text-align: center; font-size: 24px; font-weight: 400; margin-top: 10px;\">Das Mehrzweckgel, das Haut und Haar n\u00e4hrt, sch\u00fctzt und erfrischt - auf nat\u00fcrliche Weise.<\/h2>\n<p>[\/et_pb_text][et_pb_cta title=&#8220;Entdecken Sie die Kraft der Aloe Vera 97% rein&#8220; button_url=&#8220;https:\/\/www.amazon.it\/dp\/B0DXCY4JKP&#8220; button_text=&#8220;Jetzt kaufen&#8220; _builder_version=&#8220;4.27.4&#8243; _module_preset=&#8220;default&#8220; background_color=&#8220;#a8d5a2&#8243; width=&#8220;96%&#8220; module_alignment=&#8220;center&#8220; border_radii=&#8220;on|30px|30px|30px|30px&#8220; box_shadow_style=&#8220;preset3&#8243; global_colors_info=&#8220;{}&#8220;][\/et_pb_cta][\/et_pb_column][et_pb_column type=&#8220;1_2&#8243; _builder_version=&#8220;4.27.4&#8243; _module_preset=&#8220;default&#8220; global_colors_info=&#8220;{}&#8220;][et_pb_gallery gallery_ids=&#8220;753,751,757,763,767,859,437&#8243; fullwidth=&#8220;on&#8220; _builder_version=&#8220;4.27.4&#8243; _module_preset=&#8220;default&#8220; global_colors_info=&#8220;{}&#8220;][\/et_pb_gallery][\/et_pb_column][\/et_pb_row][et_pb_row custom_padding_last_edited=&#8220;on|desktop&#8220; _builder_version=&#8220;4.27.2&#8243; _module_preset=&#8220;048d8e79-b07f-439b-bd57-f41c14f0a56b&#8220; background_enable_color=&#8220;off&#8220; custom_padding=&#8220;|30px||30px|false|true&#8220; custom_padding_tablet=&#8220;|30px||30px|false|true&#8220; custom_padding_phone=&#8220;|20px||20px|false|true&#8220; border_radii=&#8220;on|6px|6px|6px|6px&#8220; global_colors_info=&#8220;{}&#8220;][et_pb_column type=&#8220;4_4&#8243; _builder_version=&#8220;4.25.1&#8243; _module_preset=&#8220;default&#8220; global_colors_info=&#8220;{}&#8220;][et_pb_text _builder_version=&#8220;4.27.2&#8243; _module_preset=&#8220;default&#8220; global_colors_info=&#8220;{}&#8220;]<\/p>\n<p style=\"text-align: justify;\">Unser <strong>Aloe Vera Gel<\/strong> wird ausschlie\u00dflich aus dem <strong>reinen Gel von Aloe Vera Bl\u00e4ttern<\/strong> hergestellt, die aus nachhaltigem Anbau <strong>handgepfl\u00fcckt werden<\/strong>, ohne den Einsatz von aggressiven Pestiziden. Dank seiner leichten Formel <strong>ohne \u00fcberfl\u00fcssige Inhaltsstoffe<\/strong> verleiht es der Haut ein sofortiges Gef\u00fchl von <strong>Frische, Linderung und Feuchtigkeit<\/strong> und f\u00f6rdert den nat\u00fcrlichen <strong>Regenerationsprozess der Haut<\/strong>. <\/p>\n<h3 style=\"text-align: center;\"><strong>\ud83c\udf0d Qualit\u00e4t und Nachhaltigkeit an erster Stelle<\/strong><\/h3>\n<p style=\"text-align: justify;\">\u2714 <strong>Handliches 340g Format<\/strong> - Perfekt f\u00fcr den t\u00e4glichen Gebrauch, f\u00fcr die ganze Familie.<br \/>\u2714 <strong>Umweltfreundliche Formel<\/strong> - Die Verpackung wurde entwickelt, um <strong>die Umweltbelastung zu reduzieren<\/strong>.<br \/>\u2714 <strong>Aloe Vera aus nachhaltigem Anbau<\/strong> - Geerntet mit ethischen und umweltfreundlichen Methoden.<br \/>\u2714 <strong>Cruelty-Free Certified<\/strong> - <strong>Nicht an Tieren getestet<\/strong>, f\u00fcr ein naturfreundliches Wohlbefinden.<br \/>\u2714 <strong>Reduzierung von Plastik<\/strong> - Das Unternehmen engagiert sich f\u00fcr einen verantwortungsvollen Umgang mit Plastikmaterialien f\u00fcr eine nachhaltigere Zukunft.<\/p>\n<h3 style=\"text-align: center;\"><strong>\ud83d\udc9a Alle Vorteile der Aloe Vera in einem Produkt<\/strong><\/h3>\n<p style=\"text-align: left;\">\u2705 <strong>Beruhigt und erfrischt<\/strong> die Haut nach einem Sonnenbad.<br \/>\u2705 <strong>Lindert Reizungen und R\u00f6tungen<\/strong>, einschlie\u00dflich Juckreiz und Insektenstiche.<br \/>\u2705 <strong>Spendet intensiv Feuchtigkeit<\/strong>, ohne zu fetten, und macht die Haut weich und seidig.<br \/>\u2705 <strong>Schafft eine sch\u00fctzende Barriere<\/strong>, die Feuchtigkeit speichert und die Hautreparatur f\u00f6rdert.<br \/>\u2705 <strong>Vielseitig verwendbar<\/strong> - Perfekt f\u00fcr Gesicht, K\u00f6rper und Haare, als After-Sun-Pflege, After-Shave-Pflege oder nat\u00fcrliche Feuchtigkeitspflege.<\/p>\n<p style=\"text-align: justify;\">\ud83c\udf3f  <strong>W\u00e4hlen Sie ein reines, wirksames und nachhaltiges Produkt. Entdecken Sie Aloe Vera Gel 340g von Fruit of the Earth: die Natur im Dienste Ihrer Haut. <\/strong><\/p>\n<p>[\/et_pb_text][\/et_pb_column][\/et_pb_row][et_pb_row column_structure=&#8220;1_3,1_3,1_3&#8243; _builder_version=&#8220;4.27.4&#8243; _module_preset=&#8220;default&#8220; global_colors_info=&#8220;{}&#8220; locked=&#8220;off&#8220;][et_pb_column type=&#8220;1_3&#8243; _builder_version=&#8220;4.27.4&#8243; _module_preset=&#8220;default&#8220; global_colors_info=&#8220;{}&#8220;][et_pb_cta title=&#8220;M\u00f6chten Sie mehr erfahren?&#8220; button_url=&#8220;https:\/\/www.alocambi.com\/de\/aloe-vera\/&#8220; button_text=&#8220;Klicken Sie hier&#8220; module_id=&#8220;cta-hover&#8220; _builder_version=&#8220;4.27.4&#8243; _module_preset=&#8220;default&#8220; header_text_color=&#8220;#2f2f2f&#8220; body_text_color=&#8220;#2f2f2f&#8220; background_color=&#8220;#cdecc9&#8243; custom_button=&#8220;on&#8220; button_text_color=&#8220;#2f2f2f&#8220; button_border_color=&#8220;#FFFFFF&#8220; custom_css_free_form=&#8220;selector {||  transition: box-shadow 0.3s ease;||}||&#8220; border_radii=&#8220;on|12px|12px|12px|12px&#8220; box_shadow_style=&#8220;preset3&#8243; global_colors_info=&#8220;{}&#8220;]<\/p>\n<p>Wenn Sie mehr \u00fcber Aloe Vera erfahren m\u00f6chten<\/p>\n<p>[\/et_pb_cta][\/et_pb_column][et_pb_column type=&#8220;1_3&#8243; _builder_version=&#8220;4.27.4&#8243; _module_preset=&#8220;default&#8220; global_colors_info=&#8220;{}&#8220;][et_pb_cta title=&#8220;Gehen Sie zu unserem Blog&#8220; button_url=&#8220;https:\/\/www.alocambi.com\/de\/blog\/&#8220; button_text=&#8220;Jetzt lesen&#8220; module_id=&#8220;cta-blog&#8220; _builder_version=&#8220;4.27.4&#8243; _module_preset=&#8220;default&#8220; header_text_color=&#8220;#2f2f2f&#8220; body_text_color=&#8220;#2f2f2f&#8220; background_color=&#8220;#cdecc9&#8243; custom_button=&#8220;on&#8220; button_text_color=&#8220;#2f2f2f&#8220; button_border_color=&#8220;#FFFFFF&#8220; custom_css_free_form=&#8220;selector {||  transition: box-shadow 0.3s ease;||}||&#8220; border_radii=&#8220;on|12px|12px|12px|12px&#8220; box_shadow_style=&#8220;preset3&#8243; global_colors_info=&#8220;{}&#8220;]<\/p>\n<p>Lesen Sie Artikel, Tipps und Fakten \u00fcber Aloe Vera.<\/p>\n<p>[\/et_pb_cta][\/et_pb_column][et_pb_column type=&#8220;1_3&#8243; _builder_version=&#8220;4.27.4&#8243; _module_preset=&#8220;default&#8220; global_colors_info=&#8220;{}&#8220;][et_pb_cta title=&#8220;Jetzt kaufen&#8220; button_url=&#8220;https:\/\/www.amazon.it\/dp\/B0DXCY4JKP&#8220; button_text=&#8220;Jetzt kaufen&#8220; module_id=&#8220;cta-acquista&#8220; _builder_version=&#8220;4.27.4&#8243; _module_preset=&#8220;default&#8220; header_text_color=&#8220;#2f2f2f&#8220; body_text_color=&#8220;#2f2f2f&#8220; background_color=&#8220;#cdecc9&#8243; custom_button=&#8220;on&#8220; button_text_color=&#8220;#2f2f2f&#8220; button_border_color=&#8220;#FFFFFF&#8220; custom_css_free_form=&#8220;selector {||  transition: box-shadow 0.3s ease;||}||&#8220; border_radii=&#8220;on|12px|12px|12px|12px&#8220; box_shadow_style=&#8220;preset3&#8243; global_colors_info=&#8220;{}&#8220;]<\/p>\n<p>Kaufen Sie unser beliebtestes Produkt jetzt!<\/p>\n<p>[\/et_pb_cta][\/et_pb_column][\/et_pb_row][et_pb_row _builder_version=&#8220;4.27.4&#8243; _module_preset=&#8220;default&#8220; global_colors_info=&#8220;{}&#8220;][et_pb_column type=&#8220;4_4&#8243; _builder_version=&#8220;4.27.4&#8243; _module_preset=&#8220;default&#8220; global_colors_info=&#8220;{}&#8220;][et_pb_text _builder_version=&#8220;4.27.4&#8243; _module_preset=&#8220;default&#8220; text_text_color=&#8220;#006b20&#8243; text_font_size=&#8220;21px&#8220; text_orientation=&#8220;center&#8220; global_colors_info=&#8220;{}&#8220;]<\/p>\n<p>Die Einfachheit der Natur. Die Kraft der Aloe Vera. <\/p>\n<p>[\/et_pb_text][\/et_pb_column][\/et_pb_row][\/et_pb_section]<\/p>\n","protected":false},"excerpt":{"rendered":"<p>97% REINES ALOE-VERA-GEL NAT\u00dcRLICHE HYDRATATION UND LINDERUNGDas Mehrzweckgel, das Haut und Haar n\u00e4hrt, sch\u00fctzt und erfrischt - auf nat\u00fcrliche Weise.Unser Aloe Vera Gel wird ausschlie\u00dflich aus dem reinen Gel von Aloe Vera Bl\u00e4ttern hergestellt, die aus nachhaltigem Anbau handgepfl\u00fcckt werden, ohne den Einsatz von aggressiven Pestiziden. Dank seiner leichten Formel ohne \u00fcberfl\u00fcssige Inhaltsstoffe verleiht es [&hellip;]<\/p>\n","protected":false},"author":1,"featured_media":0,"parent":624,"menu_order":0,"comment_status":"closed","ping_status":"closed","template":"","meta":{"_et_pb_use_builder":"on","_et_pb_old_content":"","_et_gb_content_width":"","footnotes":""},"class_list":["post-586","page","type-page","status-publish","hentry"],"_links":{"self":[{"href":"https:\/\/www.alocambi.com\/de\/wp-json\/wp\/v2\/pages\/586","targetHints":{"allow":["GET"]}}],"collection":[{"href":"https:\/\/www.alocambi.com\/de\/wp-json\/wp\/v2\/pages"}],"about":[{"href":"https:\/\/www.alocambi.com\/de\/wp-json\/wp\/v2\/types\/page"}],"author":[{"embeddable":true,"href":"https:\/\/www.alocambi.com\/de\/wp-json\/wp\/v2\/users\/1"}],"replies":[{"embeddable":true,"href":"https:\/\/www.alocambi.com\/de\/wp-json\/wp\/v2\/comments?post=586"}],"version-history":[{"count":47,"href":"https:\/\/www.alocambi.com\/de\/wp-json\/wp\/v2\/pages\/586\/revisions"}],"predecessor-version":[{"id":4026,"href":"https:\/\/www.alocambi.com\/de\/wp-json\/wp\/v2\/pages\/586\/revisions\/4026"}],"up":[{"embeddable":true,"href":"https:\/\/www.alocambi.com\/de\/wp-json\/wp\/v2\/pages\/624"}],"wp:attachment":[{"href":"https:\/\/www.alocambi.com\/de\/wp-json\/wp\/v2\/media?parent=586"}],"curies":[{"name":"wp","href":"https:\/\/api.w.org\/{rel}","templated":true}]}}