{"id":539,"date":"2024-10-17T23:36:17","date_gmt":"2024-10-17T23:36:17","guid":{"rendered":"https:\/\/www.alocambi.com\/startseite\/"},"modified":"2026-03-26T19:55:23","modified_gmt":"2026-03-26T19:55:23","slug":"startseite","status":"publish","type":"page","link":"https:\/\/www.alocambi.com\/de\/","title":{"rendered":"Startseite"},"content":{"rendered":"<p>[et_pb_section fb_built=&#8220;1&#8243; fullwidth=&#8220;on&#8220; _builder_version=&#8220;4.27.2&#8243; _module_preset=&#8220;default&#8220; global_colors_info=&#8220;{}&#8220;][et_pb_fullwidth_slider use_bg_overlay=&#8220;on&#8220; bg_overlay_color=&#8220;rgba(0,0,0,0.35)&#8220; use_text_overlay=&#8220;off&#8220; _builder_version=&#8220;4.27.2&#8243; _module_preset=&#8220;default&#8220; background_enable_color=&#8220;off&#8220; height=&#8220;200px&#8220; height_tablet=&#8220;200px&#8220; height_phone=&#8220;100px&#8220; height_last_edited=&#8220;on|phone&#8220; auto=&#8220;on&#8220; global_colors_info=&#8220;{}&#8220;][et_pb_slide heading=&#8220;Autorisierte Vertriebspartner&#8220; image=&#8220;https:\/\/www.alocambi.com\/wp-content\/uploads\/2024\/11\/logo-fote-white.png&#8220; _builder_version=&#8220;4.27.2&#8243; _dynamic_attributes=&#8220;link_option_url&#8220; _module_preset=&#8220;default&#8220; background_video_mp4=&#8220;https:\/\/www.alocambi.com\/wp-content\/uploads\/2024\/10\/1390942-hd_2048_1080_24fps.mp4&#8243; background_enable_video_mp4=&#8220;on&#8220; link_option_url=&#8220;@ET-DC@eyJkeW5hbWljIjp0cnVlLCJjb250ZW50IjoicG9zdF9saW5rX3VybF9wYWdlIiwic2V0dGluZ3MiOnsicG9zdF9pZCI6IjExOSJ9fQ==@&#8220; global_colors_info=&#8220;{}&#8220; sticky_transition=&#8220;on&#8220;][\/et_pb_slide][et_pb_slide heading=&#8220;Qualit\u00e4t, Professionalit\u00e4t und Nachhaltigkeit&#8220; _builder_version=&#8220;4.27.2&#8243; _dynamic_attributes=&#8220;link_option_url&#8220; _module_preset=&#8220;default&#8220; background_color=&#8220;RGBA(255,255,255,0)&#8220; background_enable_color=&#8220;on&#8220; background_video_mp4=&#8220;https:\/\/www.alocambi.com\/wp-content\/uploads\/2024\/10\/10040057-hd_1920_1080_24fps.mp4&#8243; background_enable_video_mp4=&#8220;on&#8220; background_video_width=&#8220;100%&#8220; background_video_height=&#8220;100%&#8220; background_video_pause_outside_viewport=&#8220;off&#8220; link_option_url=&#8220;@ET-DC@eyJkeW5hbWljIjp0cnVlLCJjb250ZW50IjoicG9zdF9saW5rX3VybF9wYWdlIiwic2V0dGluZ3MiOnsicG9zdF9pZCI6IjEzMCJ9fQ==@&#8220; global_colors_info=&#8220;{}&#8220; sticky_transition=&#8220;on&#8220;][\/et_pb_slide][et_pb_slide heading=&#8220;Aloe, ein Wunder der Natur&#8220; _builder_version=&#8220;4.27.2&#8243; _dynamic_attributes=&#8220;link_option_url&#8220; _module_preset=&#8220;default&#8220; background_color=&#8220;RGBA(255,255,255,0)&#8220; background_enable_color=&#8220;on&#8220; background_video_mp4=&#8220;https:\/\/www.alocambi.com\/wp-content\/uploads\/2024\/10\/6953532-hd_1920_1080_25fps.mp4&#8243; background_enable_video_mp4=&#8220;on&#8220; background_video_width=&#8220;100%&#8220; background_video_height=&#8220;100%&#8220; background_video_pause_outside_viewport=&#8220;off&#8220; link_option_url=&#8220;@ET-DC@eyJkeW5hbWljIjp0cnVlLCJjb250ZW50IjoicG9zdF9saW5rX3VybF9wYWdlIiwic2V0dGluZ3MiOnsicG9zdF9pZCI6IjEzMCJ9fQ==@&#8220; global_colors_info=&#8220;{}&#8220; sticky_transition=&#8220;on&#8220;][\/et_pb_slide][\/et_pb_fullwidth_slider][\/et_pb_section][et_pb_section fb_built=&#8220;1&#8243; admin_label=&#8220;Hero&#8220; _builder_version=&#8220;4.27.2&#8243; _module_preset=&#8220;74c69059-8e69-4122-b1e6-dfeabf6c5711&#8243; background_color=&#8220;#b4b7c4&#8243; use_background_color_gradient=&#8220;on&#8220; background_color_gradient_stops=&#8220;rgba(0,0,0,0.6) 0%|rgba(0,0,0,0.9) 100%&#8220; background_color_gradient_overlays_image=&#8220;on&#8220; background_color_gradient_start=&#8220;rgba(0,0,0,0.5)&#8220; background_color_gradient_end=&#8220;rgba(0,0,0,0.75)&#8220; background_image=&#8220;https:\/\/images.unsplash.com\/photo-1502304132542-498729c6b21a?ixid=M3w1ODkyNzF8MHwxfHNlYXJjaHwxfHxhbG9lJTIwcGxhbnQlMjBjbG9zZXVwfGVufDB8MHx8fDE3MjkyMTE0NTd8MA&#038;ixlib=rb-4.0.3&#038;fm=webp&#038;fit=crop&#038;crop=entropy&#038;w=1920&#038;h=1080&#038;q=20&#038;dpr=2&#8243; custom_padding=&#8220;0px||0px||true|false&#8220; locked=&#8220;off&#8220; collapsed=&#8220;off&#8220; global_colors_info=&#8220;{}&#8220;][et_pb_row column_structure=&#8220;1_2,1_2&#8243; _builder_version=&#8220;4.27.4&#8243; _module_preset=&#8220;5138c454-be54-4233-bd3b-f8e6a8747976&#8243; min_height=&#8220;381.6px&#8220; custom_padding=&#8220;0px||0px||true|false&#8220; box_shadow_style=&#8220;preset4&#8243; box_shadow_horizontal=&#8220;-30vw&#8220; box_shadow_vertical=&#8220;0px&#8220; box_shadow_color=&#8220;#FFFFFF&#8220; global_colors_info=&#8220;{}&#8220;][et_pb_column type=&#8220;1_2&#8243; _builder_version=&#8220;4.27.4&#8243; _module_preset=&#8220;73121f80-a3ef-4484-8763-c3f18e3c56d2&#8243; background_color=&#8220;#FFFFFF&#8220; custom_padding=&#8220;10%||10%||true|false&#8220; box_shadow_style=&#8220;preset4&#8243; box_shadow_horizontal=&#8220;200px&#8220; box_shadow_vertical=&#8220;0px&#8220; box_shadow_color=&#8220;#FFFFFF&#8220; global_colors_info=&#8220;{}&#8220;][et_pb_heading title=&#8220;Aloe Vera Gel Fruit of the Earth 97% rein | Offizieller Vertriebspartner&#8220; _builder_version=&#8220;4.27.4&#8243; _module_preset=&#8220;ddeb8c09-9078-4424-bc15-2efb6572e28e&#8220; title_font=&#8220;-et_global_heading_font||||||||&#8220; title_text_align=&#8220;center&#8220; title_text_color=&#8220;#00840f&#8220; title_font_size=&#8220;40px&#8220; title_line_height=&#8220;1.15em&#8220; title_font_size_tablet=&#8220;40px&#8220; title_font_size_phone=&#8220;24px&#8220; title_font_size_last_edited=&#8220;on|phone&#8220; locked=&#8220;off&#8220; global_colors_info=&#8220;{}&#8220;][\/et_pb_heading][et_pb_button button_url=&#8220;https:\/\/www.amazon.it\/dp\/B0DXCY4JKP&#8220; button_text=&#8220;Jetzt kaufen&#8220; button_alignment=&#8220;center&#8220; _builder_version=&#8220;4.27.4&#8243; _module_preset=&#8220;default&#8220; custom_button=&#8220;on&#8220; button_text_color=&#8220;#009b12&#8243; button_border_width=&#8220;2px&#8220; button_border_radius=&#8220;11px&#8220; global_colors_info=&#8220;{}&#8220;][\/et_pb_button][et_pb_text _builder_version=&#8220;4.27.4&#8243; _module_preset=&#8220;default&#8220; header_font_size=&#8220;19px&#8220; global_colors_info=&#8220;{}&#8220;]<\/p>\n<h2 style=\"text-align: center;\">Vertrieben von Alocambi - Reine, transparente, \u00e4therische Aloe Vera<\/h2>\n<p>[\/et_pb_text][et_pb_text quote_border_color=&#8220;#57cc99&#8243; _builder_version=&#8220;4.27.4&#8243; _module_preset=&#8220;2c55a9c4-feed-423b-9edb-ae0b5b365cac&#8220; text_font=&#8220;-et_global_body_font|Source Sans Pro_weight|||||||&#8220; text_text_color=&#8220;rgba(0,0,0,0.64)&#8220; text_font_size=&#8220;16px&#8220; text_line_height=&#8220;1.75em&#8220; link_font=&#8220;|Source Sans Pro_weight|||||||&#8220; link_text_color=&#8220;#22577a&#8220; quote_font=&#8220;Playfair Display|Playfair Display_weight|||||||&#8220; quote_text_color=&#8220;#111111&#8243; header_font=&#8220;Playfair Display|Playfair Display_weight|||||||&#8220; header_text_color=&#8220;#111111&#8243; header_font_size=&#8220;72px&#8220; header_line_height=&#8220;1.15em&#8220; header_2_font=&#8220;Playfair Display|Playfair Display_weight|||||||&#8220; header_2_text_color=&#8220;#111111&#8243; header_2_font_size=&#8220;50px&#8220; header_2_line_height=&#8220;1.2em&#8220; header_3_font=&#8220;Playfair Display|Playfair Display_weight|||||||&#8220; header_3_text_color=&#8220;#111111&#8243; header_3_font_size=&#8220;32px&#8220; header_3_line_height=&#8220;1.3em&#8220; header_4_font=&#8220;Playfair Display|Playfair Display_weight|||||||&#8220; header_4_text_color=&#8220;#111111&#8243; header_4_font_size=&#8220;24px&#8220; header_4_line_height=&#8220;1.4em&#8220; header_5_font=&#8220;Playfair Display|Playfair Display_weight|||||||&#8220; header_5_text_color=&#8220;#111111&#8243; header_5_font_size=&#8220;18px&#8220; header_5_line_height=&#8220;1.4em&#8220; header_6_font=&#8220;Playfair Display|Playfair Display_weight|||||||&#8220; header_6_text_color=&#8220;#111111&#8243; header_6_line_height=&#8220;1.5em&#8220; custom_margin=&#8220;||||false|false&#8220; text_font_size_tablet=&#8220;15px&#8220; text_font_size_phone=&#8220;14px&#8220; text_font_size_last_edited=&#8220;on|phone&#8220; header_font_size_tablet=&#8220;40px&#8220; header_font_size_phone=&#8220;24px&#8220; header_font_size_last_edited=&#8220;on|desktop&#8220; header_2_font_size_tablet=&#8220;28px&#8220; header_2_font_size_phone=&#8220;20px&#8220; header_2_font_size_last_edited=&#8220;on|phone&#8220; header_3_font_size_tablet=&#8220;22px&#8220; header_3_font_size_phone=&#8220;17px&#8220; header_3_font_size_last_edited=&#8220;on|phone&#8220; header_4_font_size_tablet=&#8220;18px&#8220; header_4_font_size_phone=&#8220;15px&#8220; header_4_font_size_last_edited=&#8220;on|tablet&#8220; header_5_font_size_tablet=&#8220;15px&#8220; header_5_font_size_phone=&#8220;14px&#8220; header_5_font_size_last_edited=&#8220;on|desktop&#8220; header_6_font_size_tablet=&#8220;13px&#8220; header_6_font_size_phone=&#8220;13px&#8220; header_6_font_size_last_edited=&#8220;on|desktop&#8220; locked=&#8220;off&#8220; global_colors_info=&#8220;{}&#8220;]<\/p>\n<p data-start=\"526\" data-end=\"699\" class=\"\" style=\"text-align: justify;\">Das von Alocambi vertriebene **Aloe Vera Fruit of the Earth Gel** ist eine zu 97% nat\u00fcrliche Behandlung, die entwickelt wurde, um die Haut jeden Tag auf einfache, sichere und effektive Weise zu pflegen.<\/p>\n<p data-start=\"704\" data-end=\"999\" class=\"\" style=\"text-align: justify;\">Die sanfte Formel auf der Basis von <strong data-start=\"738\" data-end=\"763\">Aloe Vera Barbadensis<\/strong> ist ideal, um der Haut in vielen Situationen Feuchtigkeit zu spenden, sie zu erfrischen und zu beruhigen: nach der Sonne, bei R\u00f6tungen, Irritationen durch Rasur oder Enthaarung, rissigen H\u00e4nden, Insektenstichen oder einfach, um <strong data-start=\"958\" data-end=\"996\">trockene und empfindliche Haut zu pflegen<\/strong>.<\/p>\n<p data-start=\"1004\" data-end=\"1215\" class=\"\" style=\"text-align: justify;\">Frei von Parf\u00fcm, Alkohol, Parabenen und Farbstoffen: Es ist selbst f\u00fcr die empfindlichste Haut geeignet, auch f\u00fcr Kinder. Die leichte Textur zieht schnell ein und hinterl\u00e4sst die Haut frisch, glatt und nicht fettend. <\/p>\n<p data-start=\"1220\" data-end=\"1445\" class=\"\" style=\"text-align: justify;\">Das Gel enth\u00e4lt <strong data-start=\"1236\" data-end=\"1264\">97% reine Aloe Vera<\/strong>, die extrahiert und kalt verarbeitet wurde, um alle nat\u00fcrlichen Eigenschaften zu erhalten. Es ist ein vielseitiges Produkt, das zu Hause, unterwegs oder bei der t\u00e4glichen Sch\u00f6nheitsroutine nicht fehlen darf. <\/p>\n<p data-start=\"1450\" data-end=\"1671\" class=\"\" style=\"text-align: justify;\">Alocambi ist der <strong data-start=\"1464\" data-end=\"1500\">offizielle Vertriebsh\u00e4ndler in Italien<\/strong> f\u00fcr die Marke <strong data-start=\"1513\" data-end=\"1535\">Fruit of the Earth<\/strong>, ein Unternehmen mit mehr als 50 Jahren Erfahrung in der Herstellung von Qualit\u00e4ts-Aloe Vera unter Einhaltung der internationalen Vorschriften.<\/p>\n<p data-start=\"1676\" data-end=\"1861\" class=\"\" style=\"text-align: justify;\">\ud83c\udf3f <strong data-start=\"1679\" data-end=\"1731\">Wir engagieren uns f\u00fcr einen bewussten Vertrieb<\/strong>, der auf den Grunds\u00e4tzen von Qualit\u00e4t, Transparenz und Nachhaltigkeit beruht: Jede Entscheidung ist auf das Wohl der Menschen und des Planeten ausgerichtet.<\/p>\n<p data-start=\"1868\" data-end=\"2093\" class=\"\" style=\"text-align: justify;\">Wir verwenden nur Produkte aus <strong data-start=\"1909\" data-end=\"1931\">sicheren Inhaltsstoffen<\/strong>, <strong data-start=\"1933\" data-end=\"1966\">essentiellen und nat\u00fcrlichen Formeln<\/strong>, ohne aggressive oder \u00fcberfl\u00fcssige Substanzen. Wir glauben an einen respektvollen Umgang mit der Haut, der Umwelt und allen Formen des Lebens. <\/p>\n<p style=\"text-align: center;\">\ud83c\udf3f <strong>Entdecken Sie die Reinheit der Aloe Vera mit Alocambi.<\/strong><\/p>\n<p>[\/et_pb_text][\/et_pb_column][et_pb_column type=&#8220;1_2&#8243; _builder_version=&#8220;4.24.3&#8243; _module_preset=&#8220;73121f80-a3ef-4484-8763-c3f18e3c56d2&#8243; custom_padding=&#8220;8%||8%||false|false&#8220; custom_padding_tablet=&#8220;||8%|8%|false|false&#8220; custom_padding_phone=&#8220;0%||8%||false|false&#8220; custom_padding_last_edited=&#8220;on|tablet&#8220; global_colors_info=&#8220;{}&#8220;][et_pb_image src=&#8220;https:\/\/www.alocambi.com\/wp-content\/uploads\/2024\/10\/sincerely-media-wppafd59cLs-unsplash-scaled.jpg&#8220; title_text=&#8220;sincerely-media-wppafd59cLs-unsplash&#8220; align=&#8220;center&#8220; force_fullwidth=&#8220;on&#8220; _builder_version=&#8220;4.27.4&#8243; _module_preset=&#8220;1cc6152f-565c-4c4d-b0c9-cf8c9576c341&#8243; background_color=&#8220;#FFFFFF&#8220; module_alignment=&#8220;center&#8220; custom_margin_tablet=&#8220;-9vw|||-3vw|false|false&#8220; custom_margin_phone=&#8220;-9vw|||-3vw|false|false&#8220; custom_margin_last_edited=&#8220;off|desktop&#8220; custom_padding=&#8220;0px|0px|0px|0px|false|false&#8220; hover_enabled=&#8220;0&#8243; box_shadow_style=&#8220;preset4&#8243; box_shadow_horizontal=&#8220;0px&#8220; box_shadow_vertical=&#8220;24px&#8220; box_shadow_blur=&#8220;72px&#8220; box_shadow_spread=&#8220;-12px&#8220; box_shadow_color=&#8220;rgba(0,0,0,0.12)&#8220; global_colors_info=&#8220;{}&#8220; sticky_enabled=&#8220;0&#8243;][\/et_pb_image][\/et_pb_column][\/et_pb_row][et_pb_row column_structure=&#8220;1_3,1_3,1_3&#8243; _builder_version=&#8220;4.27.4&#8243; _module_preset=&#8220;default&#8220; locked=&#8220;off&#8220; global_colors_info=&#8220;{}&#8220;][et_pb_column type=&#8220;1_3&#8243; _builder_version=&#8220;4.27.4&#8243; _module_preset=&#8220;default&#8220; global_colors_info=&#8220;{}&#8220;][et_pb_cta title=&#8220;M\u00f6chten Sie mehr erfahren?&#8220; button_url=&#8220;https:\/\/www.alocambi.com\/de\/aloe-vera\/&#8220; button_text=&#8220;Klicken Sie hier&#8220; module_id=&#8220;cta-hover&#8220; _builder_version=&#8220;4.27.4&#8243; _module_preset=&#8220;default&#8220; header_text_color=&#8220;#2f2f2f&#8220; body_text_color=&#8220;#2f2f2f&#8220; background_color=&#8220;#cdecc9&#8243; custom_button=&#8220;on&#8220; button_text_color=&#8220;#2f2f2f&#8220; button_border_color=&#8220;#FFFFFF&#8220; custom_css_free_form=&#8220;selector {||  transition: box-shadow 0.3s ease;||}||&#8220; border_radii=&#8220;on|12px|12px|12px|12px&#8220; box_shadow_style=&#8220;preset3&#8243; global_colors_info=&#8220;{}&#8220;]<\/p>\n<p>Wenn Sie mehr \u00fcber Aloe Vera erfahren m\u00f6chten<\/p>\n<p>[\/et_pb_cta][\/et_pb_column][et_pb_column type=&#8220;1_3&#8243; _builder_version=&#8220;4.27.4&#8243; _module_preset=&#8220;default&#8220; global_colors_info=&#8220;{}&#8220;][et_pb_cta title=&#8220;Gehen Sie zu unserem Blog&#8220; button_url=&#8220;https:\/\/www.alocambi.com\/de\/blog\/&#8220; button_text=&#8220;Jetzt lesen&#8220; module_id=&#8220;cta-blog&#8220; _builder_version=&#8220;4.27.4&#8243; _module_preset=&#8220;default&#8220; header_text_color=&#8220;#2f2f2f&#8220; body_text_color=&#8220;#2f2f2f&#8220; background_color=&#8220;#cdecc9&#8243; custom_button=&#8220;on&#8220; button_text_color=&#8220;#2f2f2f&#8220; button_border_color=&#8220;#FFFFFF&#8220; custom_css_free_form=&#8220;selector {||  transition: box-shadow 0.3s ease;||}||&#8220; border_radii=&#8220;on|12px|12px|12px|12px&#8220; box_shadow_style=&#8220;preset3&#8243; global_colors_info=&#8220;{}&#8220;]<\/p>\n<p>Lesen Sie Artikel, Tipps und Fakten \u00fcber Aloe Vera.<\/p>\n<p>[\/et_pb_cta][\/et_pb_column][et_pb_column type=&#8220;1_3&#8243; _builder_version=&#8220;4.27.4&#8243; _module_preset=&#8220;default&#8220; global_colors_info=&#8220;{}&#8220;][et_pb_cta title=&#8220;Jetzt kaufen&#8220; button_url=&#8220;https:\/\/www.amazon.it\/dp\/B0DXCY4JKP&#8220; button_text=&#8220;Jetzt kaufen&#8220; module_id=&#8220;cta-acquista&#8220; _builder_version=&#8220;4.27.4&#8243; _module_preset=&#8220;default&#8220; header_text_color=&#8220;#2f2f2f&#8220; body_text_color=&#8220;#2f2f2f&#8220; background_color=&#8220;#cdecc9&#8243; custom_button=&#8220;on&#8220; button_text_color=&#8220;#2f2f2f&#8220; button_border_color=&#8220;#FFFFFF&#8220; custom_css_free_form=&#8220;selector {||  transition: box-shadow 0.3s ease;||}||&#8220; border_radii=&#8220;on|12px|12px|12px|12px&#8220; box_shadow_style=&#8220;preset3&#8243; global_colors_info=&#8220;{}&#8220;]<\/p>\n<p>Kaufen Sie unser beliebtestes Produkt jetzt!<\/p>\n<p>[\/et_pb_cta][\/et_pb_column][\/et_pb_row][\/et_pb_section]<\/p>\n","protected":false},"excerpt":{"rendered":"<p>Vertrieben von Alocambi - Reine, transparente, \u00e4therische Aloe VeraDas von Alocambi vertriebene **Aloe Vera Fruit of the Earth Gel** ist eine zu 97% nat\u00fcrliche Behandlung, die entwickelt wurde, um die Haut jeden Tag auf einfache, sichere und effektive Weise zu pflegen. Die sanfte Formel auf der Basis von Aloe Vera Barbadensis ist ideal, um der [&hellip;]<\/p>\n","protected":false},"author":1,"featured_media":0,"parent":0,"menu_order":0,"comment_status":"closed","ping_status":"closed","template":"","meta":{"_et_pb_use_builder":"on","_et_pb_old_content":"","_et_gb_content_width":"","footnotes":""},"class_list":["post-539","page","type-page","status-publish","hentry"],"_links":{"self":[{"href":"https:\/\/www.alocambi.com\/de\/wp-json\/wp\/v2\/pages\/539","targetHints":{"allow":["GET"]}}],"collection":[{"href":"https:\/\/www.alocambi.com\/de\/wp-json\/wp\/v2\/pages"}],"about":[{"href":"https:\/\/www.alocambi.com\/de\/wp-json\/wp\/v2\/types\/page"}],"author":[{"embeddable":true,"href":"https:\/\/www.alocambi.com\/de\/wp-json\/wp\/v2\/users\/1"}],"replies":[{"embeddable":true,"href":"https:\/\/www.alocambi.com\/de\/wp-json\/wp\/v2\/comments?post=539"}],"version-history":[{"count":92,"href":"https:\/\/www.alocambi.com\/de\/wp-json\/wp\/v2\/pages\/539\/revisions"}],"predecessor-version":[{"id":4791,"href":"https:\/\/www.alocambi.com\/de\/wp-json\/wp\/v2\/pages\/539\/revisions\/4791"}],"wp:attachment":[{"href":"https:\/\/www.alocambi.com\/de\/wp-json\/wp\/v2\/media?parent=539"}],"curies":[{"name":"wp","href":"https:\/\/api.w.org\/{rel}","templated":true}]}}