{"id":1159,"date":"2025-04-20T19:39:27","date_gmt":"2025-04-20T19:39:27","guid":{"rendered":"https:\/\/www.alocambi.com\/blog\/"},"modified":"2026-04-08T04:28:25","modified_gmt":"2026-04-08T04:28:25","slug":"blog","status":"publish","type":"page","link":"https:\/\/www.alocambi.com\/de\/blog\/","title":{"rendered":"Blog Aloe Vera: Wahrheiten, Vorteile und Geheimnisse zum Entdecken"},"content":{"rendered":"<p>[et_pb_section fb_built=&#8220;1&#8243; _builder_version=&#8220;4.27.4&#8243; _module_preset=&#8220;default&#8220; background_color=&#8220;#cdecc9&#8243; custom_padding=&#8220;10px||2px|||&#8220; global_colors_info=&#8220;{}&#8220;][et_pb_row _builder_version=&#8220;4.27.4&#8243; _module_preset=&#8220;default&#8220; custom_padding=&#8220;42px|||||&#8220; global_colors_info=&#8220;{}&#8220;][et_pb_column type=&#8220;4_4&#8243; _builder_version=&#8220;4.27.4&#8243; _module_preset=&#8220;default&#8220; global_colors_info=&#8220;{}&#8220;][et_pb_heading title=&#8220;Blog Aloe Vera Gel Barbadensis: Artikel, Vorteile und Tipps&#8220; _builder_version=&#8220;4.27.4&#8243; _module_preset=&#8220;ddeb8c09-9078-4424-bc15-2efb6572e28e&#8220; title_font=&#8220;-et_global_heading_font|Cormorant Garamond_weight|||||||&#8220; title_text_align=&#8220;center&#8220; title_text_color=&#8220;#000000&#8243; title_font_size=&#8220;47px&#8220; title_line_height=&#8220;1.15em&#8220; width=&#8220;98.9%&#8220; min_height=&#8220;36px&#8220; hover_enabled=&#8220;0&#8243; title_font_size_tablet=&#8220;40px&#8220; title_font_size_phone=&#8220;24px&#8220; title_font_size_last_edited=&#8220;on|phone&#8220; locked=&#8220;off&#8220; global_colors_info=&#8220;{}&#8220; sticky_enabled=&#8220;0&#8243;][\/et_pb_heading][et_pb_text _builder_version=&#8220;4.27.4&#8243; _module_preset=&#8220;default&#8220; text_text_color=&#8220;#000000&#8243; min_height=&#8220;48.8px&#8220; custom_margin=&#8220;-25px||||false|false&#8220; hover_enabled=&#8220;0&#8243; global_colors_info=&#8220;{}&#8220; sticky_enabled=&#8220;0&#8243;]<\/p>\n<h2 style=\"text-align: center;\"><strong>Informieren Sie sich in unserem Aloe Vera Barbadensis Blog: woher sie kommt, warum sie gut f\u00fcr Sie ist, wie Sie sie verwenden k\u00f6nnen und vieles mehr.  <\/strong><\/h2>\n<p>[\/et_pb_text][\/et_pb_column][\/et_pb_row][\/et_pb_section][et_pb_section fb_built=&#8220;1&#8243; admin_label=&#8220;Blog&#8220; _builder_version=&#8220;4.16&#8243; _module_preset=&#8220;default&#8220; custom_padding=&#8220;4px|||||&#8220; locked=&#8220;off&#8220; collapsed=&#8220;on&#8220; global_colors_info=&#8220;{}&#8220;][et_pb_row _builder_version=&#8220;4.18.0&#8243; _module_preset=&#8220;5138c454-be54-4233-bd3b-f8e6a8747976&#8243; global_colors_info=&#8220;{}&#8220;][et_pb_column type=&#8220;4_4&#8243; _builder_version=&#8220;4.16&#8243; _module_preset=&#8220;73121f80-a3ef-4484-8763-c3f18e3c56d2&#8243; global_colors_info=&#8220;{}&#8220;][et_pb_post_slider more_text=&#8220;Lesen Sie&#8220; bg_overlay_color=&#8220;rgba(0,0,0,0.75)&#8220; use_text_overlay=&#8220;on&#8220; text_overlay_color=&#8220;#FFFFFF&#8220; text_border_radius=&#8220;6px&#8220; _builder_version=&#8220;4.27.4&#8243; _module_preset=&#8220;db607bdb-8c6b-4122-8b8c-17167341f0e1&#8243; header_font=&#8220;-et_global_heading_font|700|||||||&#8220; header_text_color=&#8220;#0e0c19&#8243; header_font_size=&#8220;32px&#8220; header_line_height=&#8220;1.3em&#8220; body_font=&#8220;-et_global_body_font|500|||||||&#8220; body_text_color=&#8220;#3c3a47&#8243; body_font_size=&#8220;16px&#8220; body_line_height=&#8220;1.75em&#8220; meta_font=&#8220;Proza Libre|500|||||||&#8220; meta_text_color=&#8220;#22577a&#8220; meta_font_size=&#8220;14px&#8220; meta_line_height=&#8220;1.75em&#8220; body_link_text_color=&#8220;#0077FF&#8220; background_color=&#8220;RGBA(255,255,255,0)&#8220; background_image=&#8220;https:\/\/www.alocambi.com\/wp-content\/uploads\/2024\/10\/sincerely-media-wppafd59cLs-unsplash-scaled.jpg&#8220; custom_button=&#8220;on&#8220; button_text_size=&#8220;14px&#8220; button_text_color=&#8220;#FFFFFF&#8220; button_bg_color=&#8220;#57cc99&#8243; button_border_width=&#8220;0px&#8220; button_border_radius=&#8220;100px&#8220; button_font=&#8220;Proza Libre|700|||||||&#8220; button_custom_margin=&#8220;||||false|false&#8220; button_custom_padding=&#8220;12px|24px|12px|24px|true|true&#8220; header_font_size_tablet=&#8220;22px&#8220; header_font_size_phone=&#8220;17px&#8220; header_font_size_last_edited=&#8220;on|phone&#8220; body_font_size_tablet=&#8220;15px&#8220; body_font_size_phone=&#8220;14px&#8220; body_font_size_last_edited=&#8220;on|desktop&#8220; custom_css_slide_meta=&#8220;margin-bottom: .8em;&#8220; border_radii=&#8220;on|6px|6px|6px|6px&#8220; text_shadow_style=&#8220;preset3&#8243; text_shadow_color=&#8220;RGBA(255,255,255,0)&#8220; locked=&#8220;off&#8220; global_colors_info=&#8220;{}&#8220;][\/et_pb_post_slider][\/et_pb_column][\/et_pb_row][et_pb_row _builder_version=&#8220;4.23.1&#8243; _module_preset=&#8220;5138c454-be54-4233-bd3b-f8e6a8747976&#8243; global_colors_info=&#8220;{}&#8220;][et_pb_column type=&#8220;4_4&#8243; _builder_version=&#8220;4.16&#8243; _module_preset=&#8220;73121f80-a3ef-4484-8763-c3f18e3c56d2&#8243; global_colors_info=&#8220;{}&#8220;][et_pb_blog fullwidth=&#8220;off&#8220; posts_number=&#8220;6&#8243; show_more=&#8220;on&#8220; show_author=&#8220;off&#8220; show_date=&#8220;off&#8220; show_categories=&#8220;off&#8220; offset_number=&#8220;1&#8243; _builder_version=&#8220;4.27.4&#8243; _module_preset=&#8220;3a376763-6eec-4e3b-9584-75f43ea48e8a&#8220; header_font=&#8220;-et_global_heading_font|Cormorant Garamond_weight|||||||&#8220; header_text_color=&#8220;#0e0c19&#8243; header_font_size=&#8220;18px&#8220; header_line_height=&#8220;1.4em&#8220; body_font=&#8220;-et_global_body_font|Proza Libre_weight|||||||&#8220; body_text_color=&#8220;#3c3a47&#8243; body_line_height=&#8220;1.75em&#8220; meta_font=&#8220;Proza Libre|Proza Libre_weight|||||||&#8220; meta_text_color=&#8220;#22577a&#8220; read_more_font=&#8220;Proza Libre|700|||||||&#8220; read_more_text_color=&#8220;#57cc99&#8243; pagination_font=&#8220;Proza Libre|700|||||||&#8220; pagination_text_color=&#8220;#57cc99&#8243; pagination_font_size=&#8220;18px&#8220; header_font_size_tablet=&#8220;15px&#8220; header_font_size_phone=&#8220;14.5px&#8220; header_font_size_last_edited=&#8220;on|phone&#8220; pagination_font_size_tablet=&#8220;15px&#8220; pagination_font_size_phone=&#8220;14px&#8220; pagination_font_size_last_edited=&#8220;on|tablet&#8220; border_radii=&#8220;on|6px|6px|6px|6px&#8220; border_width_all=&#8220;2px&#8220; border_color_all=&#8220;rgba(0,0,0,0.08)&#8220; locked=&#8220;off&#8220; global_colors_info=&#8220;{}&#8220;][\/et_pb_blog][\/et_pb_column][\/et_pb_row][\/et_pb_section][et_pb_section fb_built=&#8220;1&#8243; _builder_version=&#8220;4.27.4&#8243; _module_preset=&#8220;default&#8220; custom_margin=&#8220;-80px|||||&#8220; global_colors_info=&#8220;{}&#8220;][et_pb_row column_structure=&#8220;1_3,1_3,1_3&#8243; _builder_version=&#8220;4.27.4&#8243; _module_preset=&#8220;default&#8220; global_colors_info=&#8220;{}&#8220;][et_pb_column type=&#8220;1_3&#8243; _builder_version=&#8220;4.27.4&#8243; _module_preset=&#8220;default&#8220; global_colors_info=&#8220;{}&#8220;][et_pb_cta title=&#8220;Kontaktieren Sie uns&#8220; button_url=&#8220;https:\/\/www.alocambi.com\/de\/kontakt\/&#8220; button_text=&#8220;Klicken Sie hier&#8220; module_id=&#8220;cta-hover&#8220; _builder_version=&#8220;4.27.4&#8243; _module_preset=&#8220;default&#8220; header_text_color=&#8220;#2f2f2f&#8220; body_text_color=&#8220;#2f2f2f&#8220; background_color=&#8220;#cdecc9&#8243; custom_button=&#8220;on&#8220; button_text_color=&#8220;#2f2f2f&#8220; button_border_color=&#8220;#FFFFFF&#8220; custom_css_free_form=&#8220;selector {||  transition: box-shadow 0.3s ease;||}||&#8220; border_radii=&#8220;on|12px|12px|12px|12px&#8220; box_shadow_style=&#8220;preset3&#8243; global_colors_info=&#8220;{}&#8220;]<\/p>\n<p>Brauchen Sie Hilfe oder m\u00f6chten Sie eine Frage stellen?<\/p>\n<p>[\/et_pb_cta][\/et_pb_column][et_pb_column type=&#8220;1_3&#8243; _builder_version=&#8220;4.27.4&#8243; _module_preset=&#8220;default&#8220; global_colors_info=&#8220;{}&#8220;][et_pb_cta title=&#8220;\u00dcber uns&#8220; button_url=&#8220;https:\/\/www.alocambi.com\/de\/ueber-uns\/&#8220; button_text=&#8220;Unsere Geschichte&#8220; module_id=&#8220;cta-blog&#8220; _builder_version=&#8220;4.27.4&#8243; _module_preset=&#8220;default&#8220; header_text_color=&#8220;#2f2f2f&#8220; body_text_color=&#8220;#2f2f2f&#8220; background_color=&#8220;#cdecc9&#8243; custom_button=&#8220;on&#8220; button_text_color=&#8220;#2f2f2f&#8220; button_border_color=&#8220;#FFFFFF&#8220; custom_css_free_form=&#8220;selector {||  transition: box-shadow 0.3s ease;||}||&#8220; border_radii=&#8220;on|12px|12px|12px|12px&#8220; box_shadow_style=&#8220;preset3&#8243; global_colors_info=&#8220;{}&#8220;]<\/p>\n<p>Ein Projekt, das aus der Liebe zu diesem Aloe Vera Gel entstanden ist<\/p>\n<p>[\/et_pb_cta][\/et_pb_column][et_pb_column type=&#8220;1_3&#8243; _builder_version=&#8220;4.27.4&#8243; _module_preset=&#8220;default&#8220; global_colors_info=&#8220;{}&#8220;][et_pb_cta title=&#8220;Jetzt kaufen&#8220; button_url=&#8220;https:\/\/www.amazon.it\/Fruit-Earth-Aloe-Vera-100\/dp\/B0DXCY4JKP\/ref=sr_1_2_pp?crid=R33TH9J7PLPJ&amp;dib=eyJ2IjoiMSJ9.QWpr8A4iAHbpExNiObcxdD7Lwd5JTE78mnRxL2FqkCm4s7XNygYAnmYq6EmgQzEhn95ic0mw4-h8zJkPvwNsjZEqKOVgbst7_YHDb5XmqUk.Xo5lF28AkA-J4LF5YVz4fsoPbprZbe6wjUA2OlOlD-M&amp;dib_tag=se&amp;keywords=aloe+vera+fruit+of+the+earth&amp;qid=1774950007&amp;sprefix=%2Caps%2C421&amp;sr=8-2&#8243; button_text=&#8220;Jetzt kaufen&#8220; module_id=&#8220;cta-acquista&#8220; _builder_version=&#8220;4.27.4&#8243; _module_preset=&#8220;default&#8220; header_text_color=&#8220;#2f2f2f&#8220; body_text_color=&#8220;#2f2f2f&#8220; background_color=&#8220;#cdecc9&#8243; custom_button=&#8220;on&#8220; button_text_color=&#8220;#2f2f2f&#8220; button_border_color=&#8220;#FFFFFF&#8220; custom_css_free_form=&#8220;selector {||  transition: box-shadow 0.3s ease;||}||&#8220; border_radii=&#8220;on|12px|12px|12px|12px&#8220; box_shadow_style=&#8220;preset3&#8243; global_colors_info=&#8220;{}&#8220;]<\/p>\n<p>Kaufen Sie unser beliebtestes Produkt jetzt!<\/p>\n<p>[\/et_pb_cta][\/et_pb_column][\/et_pb_row][et_pb_row column_structure=&#8220;1_3,1_3,1_3&#8243; _builder_version=&#8220;4.27.4&#8243; _module_preset=&#8220;default&#8220; global_colors_info=&#8220;{}&#8220;][et_pb_column type=&#8220;1_3&#8243; _builder_version=&#8220;4.27.4&#8243; _module_preset=&#8220;default&#8220; global_colors_info=&#8220;{}&#8220;][et_pb_image src=&#8220;https:\/\/www.alocambi.com\/wp-content\/uploads\/2024\/10\/katherine-jenswold-F0MdMJY2z54-unsplash-1-scaled.jpg&#8220; alt=&#8220;Aloe-Vera-Scheiben auf wei\u00dfem Hintergrund&#8220; title_text=&#8220;katherine-jenswold-F0MdMJY2z54-unsplash (1)&#8220; _builder_version=&#8220;4.27.4&#8243; _module_preset=&#8220;default&#8220; global_colors_info=&#8220;{}&#8220;][\/et_pb_image][\/et_pb_column][et_pb_column type=&#8220;1_3&#8243; _builder_version=&#8220;4.27.4&#8243; _module_preset=&#8220;default&#8220; global_colors_info=&#8220;{}&#8220;][et_pb_cta title=&#8220;Instagram  &#8220; button_url=&#8220;https:\/\/www.instagram.com\/fruitofthearth&#8220; button_text=&#8220;Klicken Sie hier&#8220; module_id=&#8220;cta-hover&#8220; _builder_version=&#8220;4.27.4&#8243; _module_preset=&#8220;default&#8220; header_text_color=&#8220;#2f2f2f&#8220; body_text_align=&#8220;center&#8220; body_text_color=&#8220;#2f2f2f&#8220; background_color=&#8220;#cdecc9&#8243; custom_button=&#8220;on&#8220; button_text_color=&#8220;#2f2f2f&#8220; button_border_color=&#8220;#FFFFFF&#8220; module_alignment=&#8220;center&#8220; custom_css_free_form=&#8220;selector {||  transition: box-shadow 0.3s ease;||}||&#8220; border_radii=&#8220;on|12px|12px|12px|12px&#8220; box_shadow_style=&#8220;preset3&#8243; locked=&#8220;off&#8220; global_colors_info=&#8220;{}&#8220;]<\/p>\n<h1>Folgen Sie uns<\/h1>\n<p>[\/et_pb_cta][\/et_pb_column][et_pb_column type=&#8220;1_3&#8243; _builder_version=&#8220;4.27.4&#8243; _module_preset=&#8220;default&#8220; global_colors_info=&#8220;{}&#8220;][et_pb_image src=&#8220;https:\/\/www.alocambi.com\/wp-content\/uploads\/2024\/10\/katherine-jenswold-F0MdMJY2z54-unsplash-1-scaled.jpg&#8220; alt=&#8220;Aloe-Vera-Scheiben auf wei\u00dfem Hintergrund&#8220; title_text=&#8220;katherine-jenswold-F0MdMJY2z54-unsplash (1)&#8220; _builder_version=&#8220;4.27.4&#8243; _module_preset=&#8220;default&#8220; global_colors_info=&#8220;{}&#8220;][\/et_pb_image][\/et_pb_column][\/et_pb_row][\/et_pb_section]<\/p>\n","protected":false},"excerpt":{"rendered":"<p>Informieren Sie sich in unserem Aloe Vera Barbadensis Blog: woher sie kommt, warum sie gut f\u00fcr Sie ist, wie Sie sie verwenden k\u00f6nnen und vieles mehr. Brauchen Sie Hilfe oder m\u00f6chten Sie eine Frage stellen?Ein Projekt, das aus der Liebe zu diesem Aloe Vera Gel entstanden istKaufen Sie unser beliebtestes Produkt jetzt!Folgen Sie uns<\/p>\n","protected":false},"author":2,"featured_media":0,"parent":0,"menu_order":0,"comment_status":"closed","ping_status":"closed","template":"","meta":{"_et_pb_use_builder":"on","_et_pb_old_content":"","_et_gb_content_width":"","footnotes":""},"class_list":["post-1159","page","type-page","status-publish","hentry"],"_links":{"self":[{"href":"https:\/\/www.alocambi.com\/de\/wp-json\/wp\/v2\/pages\/1159","targetHints":{"allow":["GET"]}}],"collection":[{"href":"https:\/\/www.alocambi.com\/de\/wp-json\/wp\/v2\/pages"}],"about":[{"href":"https:\/\/www.alocambi.com\/de\/wp-json\/wp\/v2\/types\/page"}],"author":[{"embeddable":true,"href":"https:\/\/www.alocambi.com\/de\/wp-json\/wp\/v2\/users\/2"}],"replies":[{"embeddable":true,"href":"https:\/\/www.alocambi.com\/de\/wp-json\/wp\/v2\/comments?post=1159"}],"version-history":[{"count":65,"href":"https:\/\/www.alocambi.com\/de\/wp-json\/wp\/v2\/pages\/1159\/revisions"}],"predecessor-version":[{"id":5287,"href":"https:\/\/www.alocambi.com\/de\/wp-json\/wp\/v2\/pages\/1159\/revisions\/5287"}],"wp:attachment":[{"href":"https:\/\/www.alocambi.com\/de\/wp-json\/wp\/v2\/media?parent=1159"}],"curies":[{"name":"wp","href":"https:\/\/api.w.org\/{rel}","templated":true}]}}